{"id":44,"date":"2011-05-11T19:50:48","date_gmt":"2011-05-11T19:50:48","guid":{"rendered":"http:\/\/www.zoehdesenvolvimento.com.br\/site\/"},"modified":"2011-05-11T19:50:48","modified_gmt":"2011-05-11T19:50:48","slug":"supervisao-tecnica","status":"publish","type":"page","link":"http:\/\/www.zoehdesenvolvimento.com.br\/site\/servicos\/supervisao-tecnica\/","title":{"rendered":"Supervis\u00e3o T\u00e9cnica"},"content":{"rendered":"<h3>Para interven\u00e7\u00e3o no comportamento humano nas organiza\u00e7\u00f5es<\/h3>\n<p>Servi\u00e7o de apoio a profissionais que atuam com comportamento humano no ambiente organizacional. Os temas podem ser supervisionados abrangendo tr\u00eas aspectos: conte\u00fado (o que fazer), processo (como fazer), relacionamento (aspectos contratuais da rela\u00e7\u00e3o cliente-fornecedor).<\/p>\n<p>Situa\u00e7\u00f5es mais procuradas para Supervis\u00e3o T\u00e9cnica:<\/p>\n<ul>\n<li>Elabora\u00e7\u00e3o de programas de T&amp;D<\/li>\n<li>Condu\u00e7\u00e3o de grupos<\/li>\n<li>Condu\u00e7\u00e3o de processos de <em>coaching<\/em><\/li>\n<li>Interven\u00e7\u00e3o no comportamento humano nas organiza\u00e7\u00f5es (gest\u00e3o de cultura e clima, gest\u00e3o de mudan\u00e7as organizacionais)<\/li>\n<\/ul>\n<h3>Para estudantes de Din\u00e2mica dos Grupos e de An\u00e1lise Transacional.<\/h3>\n<p>Modalidades: individual ou em grupo de at\u00e9 5 participantes, com a carga hor\u00e1ria definida de acordo com a demanda.<\/p>\n","protected":false},"excerpt":{"rendered":"...","protected":false},"author":1,"featured_media":0,"parent":471,"menu_order":7,"comment_status":"closed","ping_status":"closed","template":"","meta":{"footnotes":""},"class_list":["post-44","page","type-page","status-publish","hentry"],"yoast_head":"<!-- This site is optimized with the Yoast SEO plugin v25.2 - https:\/\/yoast.com\/wordpress\/plugins\/seo\/ -->\n<title>Supervis\u00e3o T\u00e9cnica - Zoeh Desenvolvimento de Pessoas<\/title>\n<meta name=\"robots\" content=\"index, follow, max-snippet:-1, max-image-preview:large, max-video-preview:-1\" \/>\n<link rel=\"canonical\" href=\"http:\/\/www.zoehdesenvolvimento.com.br\/site\/servicos\/supervisao-tecnica\/\" \/>\n<meta property=\"og:locale\" content=\"pt_BR\" \/>\n<meta property=\"og:type\" content=\"article\" \/>\n<meta property=\"og:title\" content=\"Supervis\u00e3o T\u00e9cnica - Zoeh Desenvolvimento de Pessoas\" \/>\n<meta property=\"og:description\" content=\"Para interven\u00e7\u00e3o no comportamento humano nas organiza\u00e7\u00f5es Servi\u00e7o de apoio a profissionais que atuam com comportamento humano no ambiente organizacional. Os temas podem ser supervisionados abrangendo tr\u00eas aspectos: conte\u00fado (o que fazer), processo (como fazer), relacionamento (aspectos contratuais da rela\u00e7\u00e3o cliente-fornecedor). Situa\u00e7\u00f5es mais procuradas para Supervis\u00e3o T\u00e9cnica: Elabora\u00e7\u00e3o de programas de T&amp;D Condu\u00e7\u00e3o de grupos [&hellip;]\" \/>\n<meta property=\"og:url\" content=\"http:\/\/www.zoehdesenvolvimento.com.br\/site\/servicos\/supervisao-tecnica\/\" \/>\n<meta property=\"og:site_name\" content=\"Zoeh Desenvolvimento de Pessoas\" \/>\n<meta name=\"twitter:card\" content=\"summary_large_image\" \/>\n<meta name=\"twitter:label1\" content=\"Est. tempo de leitura\" \/>\n\t<meta name=\"twitter:data1\" content=\"1 minuto\" \/>\n<script type=\"application\/ld+json\" class=\"yoast-schema-graph\">{\"@context\":\"https:\/\/schema.org\",\"@graph\":[{\"@type\":\"WebPage\",\"@id\":\"http:\/\/www.zoehdesenvolvimento.com.br\/site\/servicos\/supervisao-tecnica\/\",\"url\":\"http:\/\/www.zoehdesenvolvimento.com.br\/site\/servicos\/supervisao-tecnica\/\",\"name\":\"Supervis\u00e3o T\u00e9cnica - Zoeh Desenvolvimento de Pessoas\",\"isPartOf\":{\"@id\":\"http:\/\/www.zoehdesenvolvimento.com.br\/site\/#website\"},\"datePublished\":\"2011-05-11T19:50:48+00:00\",\"breadcrumb\":{\"@id\":\"http:\/\/www.zoehdesenvolvimento.com.br\/site\/servicos\/supervisao-tecnica\/#breadcrumb\"},\"inLanguage\":\"pt-BR\",\"potentialAction\":[{\"@type\":\"ReadAction\",\"target\":[\"http:\/\/www.zoehdesenvolvimento.com.br\/site\/servicos\/supervisao-tecnica\/\"]}]},{\"@type\":\"BreadcrumbList\",\"@id\":\"http:\/\/www.zoehdesenvolvimento.com.br\/site\/servicos\/supervisao-tecnica\/#breadcrumb\",\"itemListElement\":[{\"@type\":\"ListItem\",\"position\":1,\"name\":\"In\u00edcio\",\"item\":\"http:\/\/www.zoehdesenvolvimento.com.br\/site\/\"},{\"@type\":\"ListItem\",\"position\":2,\"name\":\"Servi\u00e7os\",\"item\":\"http:\/\/www.zoehdesenvolvimento.com.br\/site\/servicos\/\"},{\"@type\":\"ListItem\",\"position\":3,\"name\":\"Supervis\u00e3o T\u00e9cnica\"}]},{\"@type\":\"WebSite\",\"@id\":\"http:\/\/www.zoehdesenvolvimento.com.br\/site\/#website\",\"url\":\"http:\/\/www.zoehdesenvolvimento.com.br\/site\/\",\"name\":\"Zoeh Desenvolvimento de Pessoas\",\"description\":\"Desenvolvimento de Pessoas\",\"publisher\":{\"@id\":\"http:\/\/www.zoehdesenvolvimento.com.br\/site\/#organization\"},\"potentialAction\":[{\"@type\":\"SearchAction\",\"target\":{\"@type\":\"EntryPoint\",\"urlTemplate\":\"http:\/\/www.zoehdesenvolvimento.com.br\/site\/?s={search_term_string}\"},\"query-input\":{\"@type\":\"PropertyValueSpecification\",\"valueRequired\":true,\"valueName\":\"search_term_string\"}}],\"inLanguage\":\"pt-BR\"},{\"@type\":\"Organization\",\"@id\":\"http:\/\/www.zoehdesenvolvimento.com.br\/site\/#organization\",\"name\":\"Zoeh Desenvolvimento de Pessoas\",\"url\":\"http:\/\/www.zoehdesenvolvimento.com.br\/site\/\",\"logo\":{\"@type\":\"ImageObject\",\"inLanguage\":\"pt-BR\",\"@id\":\"http:\/\/www.zoehdesenvolvimento.com.br\/site\/#\/schema\/logo\/image\/\",\"url\":\"https:\/\/www.zoehdesenvolvimento.com.br\/site\/wp-content\/uploads\/2015\/10\/footer_logo.png\",\"contentUrl\":\"https:\/\/www.zoehdesenvolvimento.com.br\/site\/wp-content\/uploads\/2015\/10\/footer_logo.png\",\"width\":184,\"height\":120,\"caption\":\"Zoeh Desenvolvimento de Pessoas\"},\"image\":{\"@id\":\"http:\/\/www.zoehdesenvolvimento.com.br\/site\/#\/schema\/logo\/image\/\"}}]}<\/script>\n<!-- \/ Yoast SEO plugin. -->","yoast_head_json":{"title":"Supervis\u00e3o T\u00e9cnica - Zoeh Desenvolvimento de Pessoas","robots":{"index":"index","follow":"follow","max-snippet":"max-snippet:-1","max-image-preview":"max-image-preview:large","max-video-preview":"max-video-preview:-1"},"canonical":"http:\/\/www.zoehdesenvolvimento.com.br\/site\/servicos\/supervisao-tecnica\/","og_locale":"pt_BR","og_type":"article","og_title":"Supervis\u00e3o T\u00e9cnica - Zoeh Desenvolvimento de Pessoas","og_description":"Para interven\u00e7\u00e3o no comportamento humano nas organiza\u00e7\u00f5es Servi\u00e7o de apoio a profissionais que atuam com comportamento humano no ambiente organizacional. Os temas podem ser supervisionados abrangendo tr\u00eas aspectos: conte\u00fado (o que fazer), processo (como fazer), relacionamento (aspectos contratuais da rela\u00e7\u00e3o cliente-fornecedor). Situa\u00e7\u00f5es mais procuradas para Supervis\u00e3o T\u00e9cnica: Elabora\u00e7\u00e3o de programas de T&amp;D Condu\u00e7\u00e3o de grupos [&hellip;]","og_url":"http:\/\/www.zoehdesenvolvimento.com.br\/site\/servicos\/supervisao-tecnica\/","og_site_name":"Zoeh Desenvolvimento de Pessoas","twitter_card":"summary_large_image","twitter_misc":{"Est. tempo de leitura":"1 minuto"},"schema":{"@context":"https:\/\/schema.org","@graph":[{"@type":"WebPage","@id":"http:\/\/www.zoehdesenvolvimento.com.br\/site\/servicos\/supervisao-tecnica\/","url":"http:\/\/www.zoehdesenvolvimento.com.br\/site\/servicos\/supervisao-tecnica\/","name":"Supervis\u00e3o T\u00e9cnica - Zoeh Desenvolvimento de Pessoas","isPartOf":{"@id":"http:\/\/www.zoehdesenvolvimento.com.br\/site\/#website"},"datePublished":"2011-05-11T19:50:48+00:00","breadcrumb":{"@id":"http:\/\/www.zoehdesenvolvimento.com.br\/site\/servicos\/supervisao-tecnica\/#breadcrumb"},"inLanguage":"pt-BR","potentialAction":[{"@type":"ReadAction","target":["http:\/\/www.zoehdesenvolvimento.com.br\/site\/servicos\/supervisao-tecnica\/"]}]},{"@type":"BreadcrumbList","@id":"http:\/\/www.zoehdesenvolvimento.com.br\/site\/servicos\/supervisao-tecnica\/#breadcrumb","itemListElement":[{"@type":"ListItem","position":1,"name":"In\u00edcio","item":"http:\/\/www.zoehdesenvolvimento.com.br\/site\/"},{"@type":"ListItem","position":2,"name":"Servi\u00e7os","item":"http:\/\/www.zoehdesenvolvimento.com.br\/site\/servicos\/"},{"@type":"ListItem","position":3,"name":"Supervis\u00e3o T\u00e9cnica"}]},{"@type":"WebSite","@id":"http:\/\/www.zoehdesenvolvimento.com.br\/site\/#website","url":"http:\/\/www.zoehdesenvolvimento.com.br\/site\/","name":"Zoeh Desenvolvimento de Pessoas","description":"Desenvolvimento de Pessoas","publisher":{"@id":"http:\/\/www.zoehdesenvolvimento.com.br\/site\/#organization"},"potentialAction":[{"@type":"SearchAction","target":{"@type":"EntryPoint","urlTemplate":"http:\/\/www.zoehdesenvolvimento.com.br\/site\/?s={search_term_string}"},"query-input":{"@type":"PropertyValueSpecification","valueRequired":true,"valueName":"search_term_string"}}],"inLanguage":"pt-BR"},{"@type":"Organization","@id":"http:\/\/www.zoehdesenvolvimento.com.br\/site\/#organization","name":"Zoeh Desenvolvimento de Pessoas","url":"http:\/\/www.zoehdesenvolvimento.com.br\/site\/","logo":{"@type":"ImageObject","inLanguage":"pt-BR","@id":"http:\/\/www.zoehdesenvolvimento.com.br\/site\/#\/schema\/logo\/image\/","url":"https:\/\/www.zoehdesenvolvimento.com.br\/site\/wp-content\/uploads\/2015\/10\/footer_logo.png","contentUrl":"https:\/\/www.zoehdesenvolvimento.com.br\/site\/wp-content\/uploads\/2015\/10\/footer_logo.png","width":184,"height":120,"caption":"Zoeh Desenvolvimento de Pessoas"},"image":{"@id":"http:\/\/www.zoehdesenvolvimento.com.br\/site\/#\/schema\/logo\/image\/"}}]}},"jetpack_sharing_enabled":true,"_links":{"self":[{"href":"http:\/\/www.zoehdesenvolvimento.com.br\/site\/wp-json\/wp\/v2\/pages\/44","targetHints":{"allow":["GET"]}}],"collection":[{"href":"http:\/\/www.zoehdesenvolvimento.com.br\/site\/wp-json\/wp\/v2\/pages"}],"about":[{"href":"http:\/\/www.zoehdesenvolvimento.com.br\/site\/wp-json\/wp\/v2\/types\/page"}],"author":[{"embeddable":true,"href":"http:\/\/www.zoehdesenvolvimento.com.br\/site\/wp-json\/wp\/v2\/users\/1"}],"replies":[{"embeddable":true,"href":"http:\/\/www.zoehdesenvolvimento.com.br\/site\/wp-json\/wp\/v2\/comments?post=44"}],"version-history":[{"count":0,"href":"http:\/\/www.zoehdesenvolvimento.com.br\/site\/wp-json\/wp\/v2\/pages\/44\/revisions"}],"up":[{"embeddable":true,"href":"http:\/\/www.zoehdesenvolvimento.com.br\/site\/wp-json\/wp\/v2\/pages\/471"}],"wp:attachment":[{"href":"http:\/\/www.zoehdesenvolvimento.com.br\/site\/wp-json\/wp\/v2\/media?parent=44"}],"curies":[{"name":"wp","href":"https:\/\/api.w.org\/{rel}","templated":true}]}}