{"id":45,"date":"2011-05-11T19:51:28","date_gmt":"2011-05-11T19:51:28","guid":{"rendered":"http:\/\/www.zoehdesenvolvimento.com.br\/site\/"},"modified":"2011-05-11T19:51:28","modified_gmt":"2011-05-11T19:51:28","slug":"assessoria-para-gestores-de-equipes","status":"publish","type":"page","link":"http:\/\/www.zoehdesenvolvimento.com.br\/site\/servicos\/assessoria-para-gestores-de-equipes\/","title":{"rendered":"Assessoria para Gestores de Equipes"},"content":{"rendered":"<p>Servi\u00e7o de suporte para gestores de equipe.<br \/>\nFavorece o desenvolvimento do papel profissional e instrumentaliza sua a\u00e7\u00e3o na coordena\u00e7\u00e3o de pessoas.<\/p>\n<p>Estimula desenvolver compet\u00eancias para compreens\u00e3o do funcionamento humano e da din\u00e2mica da equipe, para fazer interven\u00e7\u00f5es que potencializem resultados desej\u00e1veis.<\/p>\n<p>Destinado a gestores de todos os n\u00edveis da organiza\u00e7\u00e3o.<\/p>\n<p>Modalidades: individual ou para grupos de gestores.<\/p>\n","protected":false},"excerpt":{"rendered":"...","protected":false},"author":1,"featured_media":0,"parent":471,"menu_order":6,"comment_status":"closed","ping_status":"closed","template":"","meta":{"footnotes":""},"class_list":["post-45","page","type-page","status-publish","hentry"],"yoast_head":"<!-- This site is optimized with the Yoast SEO plugin v25.2 - https:\/\/yoast.com\/wordpress\/plugins\/seo\/ -->\n<title>Assessoria para Gestores de Equipes - Zoeh Desenvolvimento de Pessoas<\/title>\n<meta name=\"robots\" content=\"index, follow, max-snippet:-1, max-image-preview:large, max-video-preview:-1\" \/>\n<link rel=\"canonical\" href=\"http:\/\/www.zoehdesenvolvimento.com.br\/site\/servicos\/assessoria-para-gestores-de-equipes\/\" \/>\n<meta property=\"og:locale\" content=\"pt_BR\" \/>\n<meta property=\"og:type\" content=\"article\" \/>\n<meta property=\"og:title\" content=\"Assessoria para Gestores de Equipes - Zoeh Desenvolvimento de Pessoas\" \/>\n<meta property=\"og:description\" content=\"Servi\u00e7o de suporte para gestores de equipe. Favorece o desenvolvimento do papel profissional e instrumentaliza sua a\u00e7\u00e3o na coordena\u00e7\u00e3o de pessoas. Estimula desenvolver compet\u00eancias para compreens\u00e3o do funcionamento humano e da din\u00e2mica da equipe, para fazer interven\u00e7\u00f5es que potencializem resultados desej\u00e1veis. Destinado a gestores de todos os n\u00edveis da organiza\u00e7\u00e3o. Modalidades: individual ou para grupos [&hellip;]\" \/>\n<meta property=\"og:url\" content=\"http:\/\/www.zoehdesenvolvimento.com.br\/site\/servicos\/assessoria-para-gestores-de-equipes\/\" \/>\n<meta property=\"og:site_name\" content=\"Zoeh Desenvolvimento de Pessoas\" \/>\n<meta name=\"twitter:card\" content=\"summary_large_image\" \/>\n<script type=\"application\/ld+json\" class=\"yoast-schema-graph\">{\"@context\":\"https:\/\/schema.org\",\"@graph\":[{\"@type\":\"WebPage\",\"@id\":\"http:\/\/www.zoehdesenvolvimento.com.br\/site\/servicos\/assessoria-para-gestores-de-equipes\/\",\"url\":\"http:\/\/www.zoehdesenvolvimento.com.br\/site\/servicos\/assessoria-para-gestores-de-equipes\/\",\"name\":\"Assessoria para Gestores de Equipes - Zoeh Desenvolvimento de Pessoas\",\"isPartOf\":{\"@id\":\"https:\/\/www.zoehdesenvolvimento.com.br\/site\/#website\"},\"datePublished\":\"2011-05-11T19:51:28+00:00\",\"breadcrumb\":{\"@id\":\"http:\/\/www.zoehdesenvolvimento.com.br\/site\/servicos\/assessoria-para-gestores-de-equipes\/#breadcrumb\"},\"inLanguage\":\"pt-BR\",\"potentialAction\":[{\"@type\":\"ReadAction\",\"target\":[\"http:\/\/www.zoehdesenvolvimento.com.br\/site\/servicos\/assessoria-para-gestores-de-equipes\/\"]}]},{\"@type\":\"BreadcrumbList\",\"@id\":\"http:\/\/www.zoehdesenvolvimento.com.br\/site\/servicos\/assessoria-para-gestores-de-equipes\/#breadcrumb\",\"itemListElement\":[{\"@type\":\"ListItem\",\"position\":1,\"name\":\"In\u00edcio\",\"item\":\"https:\/\/www.zoehdesenvolvimento.com.br\/site\/\"},{\"@type\":\"ListItem\",\"position\":2,\"name\":\"Servi\u00e7os\",\"item\":\"http:\/\/www.zoehdesenvolvimento.com.br\/site\/servicos\/\"},{\"@type\":\"ListItem\",\"position\":3,\"name\":\"Assessoria para Gestores de Equipes\"}]},{\"@type\":\"WebSite\",\"@id\":\"https:\/\/www.zoehdesenvolvimento.com.br\/site\/#website\",\"url\":\"https:\/\/www.zoehdesenvolvimento.com.br\/site\/\",\"name\":\"Zoeh Desenvolvimento de Pessoas\",\"description\":\"Desenvolvimento de Pessoas\",\"publisher\":{\"@id\":\"https:\/\/www.zoehdesenvolvimento.com.br\/site\/#organization\"},\"potentialAction\":[{\"@type\":\"SearchAction\",\"target\":{\"@type\":\"EntryPoint\",\"urlTemplate\":\"https:\/\/www.zoehdesenvolvimento.com.br\/site\/?s={search_term_string}\"},\"query-input\":{\"@type\":\"PropertyValueSpecification\",\"valueRequired\":true,\"valueName\":\"search_term_string\"}}],\"inLanguage\":\"pt-BR\"},{\"@type\":\"Organization\",\"@id\":\"https:\/\/www.zoehdesenvolvimento.com.br\/site\/#organization\",\"name\":\"Zoeh Desenvolvimento de Pessoas\",\"url\":\"https:\/\/www.zoehdesenvolvimento.com.br\/site\/\",\"logo\":{\"@type\":\"ImageObject\",\"inLanguage\":\"pt-BR\",\"@id\":\"https:\/\/www.zoehdesenvolvimento.com.br\/site\/#\/schema\/logo\/image\/\",\"url\":\"https:\/\/www.zoehdesenvolvimento.com.br\/site\/wp-content\/uploads\/2015\/10\/footer_logo.png\",\"contentUrl\":\"https:\/\/www.zoehdesenvolvimento.com.br\/site\/wp-content\/uploads\/2015\/10\/footer_logo.png\",\"width\":184,\"height\":120,\"caption\":\"Zoeh Desenvolvimento de Pessoas\"},\"image\":{\"@id\":\"https:\/\/www.zoehdesenvolvimento.com.br\/site\/#\/schema\/logo\/image\/\"}}]}<\/script>\n<!-- \/ Yoast SEO plugin. -->","yoast_head_json":{"title":"Assessoria para Gestores de Equipes - Zoeh Desenvolvimento de Pessoas","robots":{"index":"index","follow":"follow","max-snippet":"max-snippet:-1","max-image-preview":"max-image-preview:large","max-video-preview":"max-video-preview:-1"},"canonical":"http:\/\/www.zoehdesenvolvimento.com.br\/site\/servicos\/assessoria-para-gestores-de-equipes\/","og_locale":"pt_BR","og_type":"article","og_title":"Assessoria para Gestores de Equipes - Zoeh Desenvolvimento de Pessoas","og_description":"Servi\u00e7o de suporte para gestores de equipe. Favorece o desenvolvimento do papel profissional e instrumentaliza sua a\u00e7\u00e3o na coordena\u00e7\u00e3o de pessoas. Estimula desenvolver compet\u00eancias para compreens\u00e3o do funcionamento humano e da din\u00e2mica da equipe, para fazer interven\u00e7\u00f5es que potencializem resultados desej\u00e1veis. Destinado a gestores de todos os n\u00edveis da organiza\u00e7\u00e3o. Modalidades: individual ou para grupos [&hellip;]","og_url":"http:\/\/www.zoehdesenvolvimento.com.br\/site\/servicos\/assessoria-para-gestores-de-equipes\/","og_site_name":"Zoeh Desenvolvimento de Pessoas","twitter_card":"summary_large_image","schema":{"@context":"https:\/\/schema.org","@graph":[{"@type":"WebPage","@id":"http:\/\/www.zoehdesenvolvimento.com.br\/site\/servicos\/assessoria-para-gestores-de-equipes\/","url":"http:\/\/www.zoehdesenvolvimento.com.br\/site\/servicos\/assessoria-para-gestores-de-equipes\/","name":"Assessoria para Gestores de Equipes - Zoeh Desenvolvimento de Pessoas","isPartOf":{"@id":"https:\/\/www.zoehdesenvolvimento.com.br\/site\/#website"},"datePublished":"2011-05-11T19:51:28+00:00","breadcrumb":{"@id":"http:\/\/www.zoehdesenvolvimento.com.br\/site\/servicos\/assessoria-para-gestores-de-equipes\/#breadcrumb"},"inLanguage":"pt-BR","potentialAction":[{"@type":"ReadAction","target":["http:\/\/www.zoehdesenvolvimento.com.br\/site\/servicos\/assessoria-para-gestores-de-equipes\/"]}]},{"@type":"BreadcrumbList","@id":"http:\/\/www.zoehdesenvolvimento.com.br\/site\/servicos\/assessoria-para-gestores-de-equipes\/#breadcrumb","itemListElement":[{"@type":"ListItem","position":1,"name":"In\u00edcio","item":"https:\/\/www.zoehdesenvolvimento.com.br\/site\/"},{"@type":"ListItem","position":2,"name":"Servi\u00e7os","item":"http:\/\/www.zoehdesenvolvimento.com.br\/site\/servicos\/"},{"@type":"ListItem","position":3,"name":"Assessoria para Gestores de Equipes"}]},{"@type":"WebSite","@id":"https:\/\/www.zoehdesenvolvimento.com.br\/site\/#website","url":"https:\/\/www.zoehdesenvolvimento.com.br\/site\/","name":"Zoeh Desenvolvimento de Pessoas","description":"Desenvolvimento de Pessoas","publisher":{"@id":"https:\/\/www.zoehdesenvolvimento.com.br\/site\/#organization"},"potentialAction":[{"@type":"SearchAction","target":{"@type":"EntryPoint","urlTemplate":"https:\/\/www.zoehdesenvolvimento.com.br\/site\/?s={search_term_string}"},"query-input":{"@type":"PropertyValueSpecification","valueRequired":true,"valueName":"search_term_string"}}],"inLanguage":"pt-BR"},{"@type":"Organization","@id":"https:\/\/www.zoehdesenvolvimento.com.br\/site\/#organization","name":"Zoeh Desenvolvimento de Pessoas","url":"https:\/\/www.zoehdesenvolvimento.com.br\/site\/","logo":{"@type":"ImageObject","inLanguage":"pt-BR","@id":"https:\/\/www.zoehdesenvolvimento.com.br\/site\/#\/schema\/logo\/image\/","url":"https:\/\/www.zoehdesenvolvimento.com.br\/site\/wp-content\/uploads\/2015\/10\/footer_logo.png","contentUrl":"https:\/\/www.zoehdesenvolvimento.com.br\/site\/wp-content\/uploads\/2015\/10\/footer_logo.png","width":184,"height":120,"caption":"Zoeh Desenvolvimento de Pessoas"},"image":{"@id":"https:\/\/www.zoehdesenvolvimento.com.br\/site\/#\/schema\/logo\/image\/"}}]}},"jetpack_sharing_enabled":true,"_links":{"self":[{"href":"http:\/\/www.zoehdesenvolvimento.com.br\/site\/wp-json\/wp\/v2\/pages\/45","targetHints":{"allow":["GET"]}}],"collection":[{"href":"http:\/\/www.zoehdesenvolvimento.com.br\/site\/wp-json\/wp\/v2\/pages"}],"about":[{"href":"http:\/\/www.zoehdesenvolvimento.com.br\/site\/wp-json\/wp\/v2\/types\/page"}],"author":[{"embeddable":true,"href":"http:\/\/www.zoehdesenvolvimento.com.br\/site\/wp-json\/wp\/v2\/users\/1"}],"replies":[{"embeddable":true,"href":"http:\/\/www.zoehdesenvolvimento.com.br\/site\/wp-json\/wp\/v2\/comments?post=45"}],"version-history":[{"count":0,"href":"http:\/\/www.zoehdesenvolvimento.com.br\/site\/wp-json\/wp\/v2\/pages\/45\/revisions"}],"up":[{"embeddable":true,"href":"http:\/\/www.zoehdesenvolvimento.com.br\/site\/wp-json\/wp\/v2\/pages\/471"}],"wp:attachment":[{"href":"http:\/\/www.zoehdesenvolvimento.com.br\/site\/wp-json\/wp\/v2\/media?parent=45"}],"curies":[{"name":"wp","href":"https:\/\/api.w.org\/{rel}","templated":true}]}}