{"id":46,"date":"2011-05-11T19:54:24","date_gmt":"2011-05-11T19:54:24","guid":{"rendered":"http:\/\/www.zoehdesenvolvimento.com.br\/site\/"},"modified":"2011-05-11T19:54:24","modified_gmt":"2011-05-11T19:54:24","slug":"curso-introdutorio-de-analise-transacional-a-t-101","status":"publish","type":"page","link":"http:\/\/www.zoehdesenvolvimento.com.br\/site\/analise-transacional\/curso-introdutorio-de-analise-transacional-a-t-101\/","title":{"rendered":"Curso de An\u00e1lise Transacional AT 101"},"content":{"rendered":"<p>Reconhecido pela <a href=\"http:\/\/www.unat.org.br\" target=\"_blank\">UNAT-BRASIL (www.unat.org.br)<\/a><\/p>\n<p>Este curso te\u00f3rico-pr\u00e1tico apresenta conceitos b\u00e1sicos da An\u00e1lise Transacional, teoria da personalidade e da a\u00e7\u00e3o social criada pelo psiquiatra canadense Eric Berne em 1957.<\/p>\n<p>O curso oferece conceitos e viv\u00eancias que possibilitam:<\/p>\n<ul>\n<li>Compreender os processos psicol\u00f3gicos b\u00e1sicos;<\/li>\n<li>Entender as pr\u00f3prias rea\u00e7\u00f5es emocionais e das pessoas ao seu redor;<\/li>\n<li>Encontrar novas maneiras para resolver antigos conflitos;<\/li>\n<li>Rever seus conceitos pessoais e encontrar novas escolhas de vida.<\/li>\n<\/ul>\n<p>Atualmente a An\u00e1lise Transacional \u00e9 usada em v\u00e1rios pa\u00edses nas \u00e1reas Cl\u00ednica, Educacional e Organizacional, pois favorece o desenvolvimento da autoconfian\u00e7a, do pensar por si mesmo, de tomada de decis\u00f5es, do equil\u00edbrio emocional e dos processos de comunica\u00e7\u00e3o.<\/p>\n<h3>A quem se destina<\/h3>\n<p>Pessoas que buscam crescimento pessoal e profissional e\/ou queiram iniciar seu processo de Forma\u00e7\u00e3o em An\u00e1lise Transacional.<\/p>\n<p>Modalidade: turmas abertas.<\/p>\n","protected":false},"excerpt":{"rendered":"...","protected":false},"author":1,"featured_media":0,"parent":208,"menu_order":1,"comment_status":"closed","ping_status":"closed","template":"","meta":{"footnotes":""},"class_list":["post-46","page","type-page","status-publish","hentry"],"yoast_head":"<!-- This site is optimized with the Yoast SEO plugin v25.2 - https:\/\/yoast.com\/wordpress\/plugins\/seo\/ -->\n<title>Curso de An\u00e1lise Transacional AT 101 - Zoeh Desenvolvimento de Pessoas<\/title>\n<meta name=\"robots\" content=\"index, follow, max-snippet:-1, max-image-preview:large, max-video-preview:-1\" \/>\n<link rel=\"canonical\" href=\"http:\/\/www.zoehdesenvolvimento.com.br\/site\/analise-transacional\/curso-introdutorio-de-analise-transacional-a-t-101\/\" \/>\n<meta property=\"og:locale\" content=\"pt_BR\" \/>\n<meta property=\"og:type\" content=\"article\" \/>\n<meta property=\"og:title\" content=\"Curso de An\u00e1lise Transacional AT 101 - Zoeh Desenvolvimento de Pessoas\" \/>\n<meta property=\"og:description\" content=\"Reconhecido pela UNAT-BRASIL (www.unat.org.br) Este curso te\u00f3rico-pr\u00e1tico apresenta conceitos b\u00e1sicos da An\u00e1lise Transacional, teoria da personalidade e da a\u00e7\u00e3o social criada pelo psiquiatra canadense Eric Berne em 1957. O curso oferece conceitos e viv\u00eancias que possibilitam: Compreender os processos psicol\u00f3gicos b\u00e1sicos; Entender as pr\u00f3prias rea\u00e7\u00f5es emocionais e das pessoas ao seu redor; Encontrar novas maneiras [&hellip;]\" \/>\n<meta property=\"og:url\" content=\"http:\/\/www.zoehdesenvolvimento.com.br\/site\/analise-transacional\/curso-introdutorio-de-analise-transacional-a-t-101\/\" \/>\n<meta property=\"og:site_name\" content=\"Zoeh Desenvolvimento de Pessoas\" \/>\n<meta name=\"twitter:card\" content=\"summary_large_image\" \/>\n<meta name=\"twitter:label1\" content=\"Est. tempo de leitura\" \/>\n\t<meta name=\"twitter:data1\" content=\"1 minuto\" \/>\n<script type=\"application\/ld+json\" class=\"yoast-schema-graph\">{\"@context\":\"https:\/\/schema.org\",\"@graph\":[{\"@type\":\"WebPage\",\"@id\":\"http:\/\/www.zoehdesenvolvimento.com.br\/site\/analise-transacional\/curso-introdutorio-de-analise-transacional-a-t-101\/\",\"url\":\"http:\/\/www.zoehdesenvolvimento.com.br\/site\/analise-transacional\/curso-introdutorio-de-analise-transacional-a-t-101\/\",\"name\":\"Curso de An\u00e1lise Transacional AT 101 - Zoeh Desenvolvimento de Pessoas\",\"isPartOf\":{\"@id\":\"http:\/\/www.zoehdesenvolvimento.com.br\/site\/#website\"},\"datePublished\":\"2011-05-11T19:54:24+00:00\",\"breadcrumb\":{\"@id\":\"http:\/\/www.zoehdesenvolvimento.com.br\/site\/analise-transacional\/curso-introdutorio-de-analise-transacional-a-t-101\/#breadcrumb\"},\"inLanguage\":\"pt-BR\",\"potentialAction\":[{\"@type\":\"ReadAction\",\"target\":[\"http:\/\/www.zoehdesenvolvimento.com.br\/site\/analise-transacional\/curso-introdutorio-de-analise-transacional-a-t-101\/\"]}]},{\"@type\":\"BreadcrumbList\",\"@id\":\"http:\/\/www.zoehdesenvolvimento.com.br\/site\/analise-transacional\/curso-introdutorio-de-analise-transacional-a-t-101\/#breadcrumb\",\"itemListElement\":[{\"@type\":\"ListItem\",\"position\":1,\"name\":\"In\u00edcio\",\"item\":\"http:\/\/www.zoehdesenvolvimento.com.br\/site\/\"},{\"@type\":\"ListItem\",\"position\":2,\"name\":\"An\u00e1lise Transacional\",\"item\":\"http:\/\/www.zoehdesenvolvimento.com.br\/site\/analise-transacional\/\"},{\"@type\":\"ListItem\",\"position\":3,\"name\":\"Curso de An\u00e1lise Transacional AT 101\"}]},{\"@type\":\"WebSite\",\"@id\":\"http:\/\/www.zoehdesenvolvimento.com.br\/site\/#website\",\"url\":\"http:\/\/www.zoehdesenvolvimento.com.br\/site\/\",\"name\":\"Zoeh Desenvolvimento de Pessoas\",\"description\":\"Desenvolvimento de Pessoas\",\"publisher\":{\"@id\":\"http:\/\/www.zoehdesenvolvimento.com.br\/site\/#organization\"},\"potentialAction\":[{\"@type\":\"SearchAction\",\"target\":{\"@type\":\"EntryPoint\",\"urlTemplate\":\"http:\/\/www.zoehdesenvolvimento.com.br\/site\/?s={search_term_string}\"},\"query-input\":{\"@type\":\"PropertyValueSpecification\",\"valueRequired\":true,\"valueName\":\"search_term_string\"}}],\"inLanguage\":\"pt-BR\"},{\"@type\":\"Organization\",\"@id\":\"http:\/\/www.zoehdesenvolvimento.com.br\/site\/#organization\",\"name\":\"Zoeh Desenvolvimento de Pessoas\",\"url\":\"http:\/\/www.zoehdesenvolvimento.com.br\/site\/\",\"logo\":{\"@type\":\"ImageObject\",\"inLanguage\":\"pt-BR\",\"@id\":\"http:\/\/www.zoehdesenvolvimento.com.br\/site\/#\/schema\/logo\/image\/\",\"url\":\"https:\/\/www.zoehdesenvolvimento.com.br\/site\/wp-content\/uploads\/2015\/10\/footer_logo.png\",\"contentUrl\":\"https:\/\/www.zoehdesenvolvimento.com.br\/site\/wp-content\/uploads\/2015\/10\/footer_logo.png\",\"width\":184,\"height\":120,\"caption\":\"Zoeh Desenvolvimento de Pessoas\"},\"image\":{\"@id\":\"http:\/\/www.zoehdesenvolvimento.com.br\/site\/#\/schema\/logo\/image\/\"}}]}<\/script>\n<!-- \/ Yoast SEO plugin. -->","yoast_head_json":{"title":"Curso de An\u00e1lise Transacional AT 101 - Zoeh Desenvolvimento de Pessoas","robots":{"index":"index","follow":"follow","max-snippet":"max-snippet:-1","max-image-preview":"max-image-preview:large","max-video-preview":"max-video-preview:-1"},"canonical":"http:\/\/www.zoehdesenvolvimento.com.br\/site\/analise-transacional\/curso-introdutorio-de-analise-transacional-a-t-101\/","og_locale":"pt_BR","og_type":"article","og_title":"Curso de An\u00e1lise Transacional AT 101 - Zoeh Desenvolvimento de Pessoas","og_description":"Reconhecido pela UNAT-BRASIL (www.unat.org.br) Este curso te\u00f3rico-pr\u00e1tico apresenta conceitos b\u00e1sicos da An\u00e1lise Transacional, teoria da personalidade e da a\u00e7\u00e3o social criada pelo psiquiatra canadense Eric Berne em 1957. O curso oferece conceitos e viv\u00eancias que possibilitam: Compreender os processos psicol\u00f3gicos b\u00e1sicos; Entender as pr\u00f3prias rea\u00e7\u00f5es emocionais e das pessoas ao seu redor; Encontrar novas maneiras [&hellip;]","og_url":"http:\/\/www.zoehdesenvolvimento.com.br\/site\/analise-transacional\/curso-introdutorio-de-analise-transacional-a-t-101\/","og_site_name":"Zoeh Desenvolvimento de Pessoas","twitter_card":"summary_large_image","twitter_misc":{"Est. tempo de leitura":"1 minuto"},"schema":{"@context":"https:\/\/schema.org","@graph":[{"@type":"WebPage","@id":"http:\/\/www.zoehdesenvolvimento.com.br\/site\/analise-transacional\/curso-introdutorio-de-analise-transacional-a-t-101\/","url":"http:\/\/www.zoehdesenvolvimento.com.br\/site\/analise-transacional\/curso-introdutorio-de-analise-transacional-a-t-101\/","name":"Curso de An\u00e1lise Transacional AT 101 - Zoeh Desenvolvimento de Pessoas","isPartOf":{"@id":"http:\/\/www.zoehdesenvolvimento.com.br\/site\/#website"},"datePublished":"2011-05-11T19:54:24+00:00","breadcrumb":{"@id":"http:\/\/www.zoehdesenvolvimento.com.br\/site\/analise-transacional\/curso-introdutorio-de-analise-transacional-a-t-101\/#breadcrumb"},"inLanguage":"pt-BR","potentialAction":[{"@type":"ReadAction","target":["http:\/\/www.zoehdesenvolvimento.com.br\/site\/analise-transacional\/curso-introdutorio-de-analise-transacional-a-t-101\/"]}]},{"@type":"BreadcrumbList","@id":"http:\/\/www.zoehdesenvolvimento.com.br\/site\/analise-transacional\/curso-introdutorio-de-analise-transacional-a-t-101\/#breadcrumb","itemListElement":[{"@type":"ListItem","position":1,"name":"In\u00edcio","item":"http:\/\/www.zoehdesenvolvimento.com.br\/site\/"},{"@type":"ListItem","position":2,"name":"An\u00e1lise Transacional","item":"http:\/\/www.zoehdesenvolvimento.com.br\/site\/analise-transacional\/"},{"@type":"ListItem","position":3,"name":"Curso de An\u00e1lise Transacional AT 101"}]},{"@type":"WebSite","@id":"http:\/\/www.zoehdesenvolvimento.com.br\/site\/#website","url":"http:\/\/www.zoehdesenvolvimento.com.br\/site\/","name":"Zoeh Desenvolvimento de Pessoas","description":"Desenvolvimento de Pessoas","publisher":{"@id":"http:\/\/www.zoehdesenvolvimento.com.br\/site\/#organization"},"potentialAction":[{"@type":"SearchAction","target":{"@type":"EntryPoint","urlTemplate":"http:\/\/www.zoehdesenvolvimento.com.br\/site\/?s={search_term_string}"},"query-input":{"@type":"PropertyValueSpecification","valueRequired":true,"valueName":"search_term_string"}}],"inLanguage":"pt-BR"},{"@type":"Organization","@id":"http:\/\/www.zoehdesenvolvimento.com.br\/site\/#organization","name":"Zoeh Desenvolvimento de Pessoas","url":"http:\/\/www.zoehdesenvolvimento.com.br\/site\/","logo":{"@type":"ImageObject","inLanguage":"pt-BR","@id":"http:\/\/www.zoehdesenvolvimento.com.br\/site\/#\/schema\/logo\/image\/","url":"https:\/\/www.zoehdesenvolvimento.com.br\/site\/wp-content\/uploads\/2015\/10\/footer_logo.png","contentUrl":"https:\/\/www.zoehdesenvolvimento.com.br\/site\/wp-content\/uploads\/2015\/10\/footer_logo.png","width":184,"height":120,"caption":"Zoeh Desenvolvimento de Pessoas"},"image":{"@id":"http:\/\/www.zoehdesenvolvimento.com.br\/site\/#\/schema\/logo\/image\/"}}]}},"jetpack_sharing_enabled":true,"_links":{"self":[{"href":"http:\/\/www.zoehdesenvolvimento.com.br\/site\/wp-json\/wp\/v2\/pages\/46","targetHints":{"allow":["GET"]}}],"collection":[{"href":"http:\/\/www.zoehdesenvolvimento.com.br\/site\/wp-json\/wp\/v2\/pages"}],"about":[{"href":"http:\/\/www.zoehdesenvolvimento.com.br\/site\/wp-json\/wp\/v2\/types\/page"}],"author":[{"embeddable":true,"href":"http:\/\/www.zoehdesenvolvimento.com.br\/site\/wp-json\/wp\/v2\/users\/1"}],"replies":[{"embeddable":true,"href":"http:\/\/www.zoehdesenvolvimento.com.br\/site\/wp-json\/wp\/v2\/comments?post=46"}],"version-history":[{"count":0,"href":"http:\/\/www.zoehdesenvolvimento.com.br\/site\/wp-json\/wp\/v2\/pages\/46\/revisions"}],"up":[{"embeddable":true,"href":"http:\/\/www.zoehdesenvolvimento.com.br\/site\/wp-json\/wp\/v2\/pages\/208"}],"wp:attachment":[{"href":"http:\/\/www.zoehdesenvolvimento.com.br\/site\/wp-json\/wp\/v2\/media?parent=46"}],"curies":[{"name":"wp","href":"https:\/\/api.w.org\/{rel}","templated":true}]}}