{"id":47,"date":"2011-05-11T19:58:35","date_gmt":"2011-05-11T19:58:35","guid":{"rendered":"http:\/\/www.zoehdesenvolvimento.com.br\/site\/"},"modified":"2011-05-11T19:58:35","modified_gmt":"2011-05-11T19:58:35","slug":"curso-de-formacao-de-analistas-transacionais-a-t-202","status":"publish","type":"page","link":"http:\/\/www.zoehdesenvolvimento.com.br\/site\/analise-transacional\/curso-de-formacao-de-analistas-transacionais-a-t-202\/","title":{"rendered":"Forma\u00e7\u00e3o de Analistas Transacionais AT 202"},"content":{"rendered":"<h3>\u00c1rea Organizacional<\/h3>\n<p>Reconhecido pela <a href=\"http:\/\/www.unat.org.br\" target=\"_blank\">UNAT-BRASIL (www.unat.org.br)<\/a><\/p>\n<p>Propicia a discuss\u00e3o sobre o funcionamento humano a partir da An\u00e1lise Transacional, culminando com a compreens\u00e3o da din\u00e2mica organizacional (equipes, estilo de gest\u00e3o, comunica\u00e7\u00e3o organizacional, entre outros) o que o qualifica a fazer interven\u00e7\u00f5es adequadas ao seu papel<\/p>\n<p>Possibilita ao profissional a compreens\u00e3o dos comportamentos organizacionais com alta probabilidade de acerto.<\/p>\n<p>Tem por objetivo preparar o profissional para aplicar a AT em seu campo de atividade. Aborda:<\/p>\n<ul>\n<li>Teoria geral de AT<\/li>\n<li>Teoria espec\u00edfica de AT relativa \u00e0 \u00e1rea organizacional, an\u00e1lise de Script, Teorias sobre organiza\u00e7\u00f5es e grupos<\/li>\n<li>Estudo comparativo de AT com outras teorias<\/li>\n<li>Aplica\u00e7\u00e3o da teoria de AT<\/li>\n<li>\u00c9tica profissional<\/li>\n<\/ul>\n<h3>Pr\u00e9 requisitos<\/h3>\n<p>I. Forma\u00e7\u00e3o superior (3\u00ba. Grau completo)<br \/>\nII. Conclus\u00e3o do Curso Introdut\u00f3rio de An\u00e1lise Transacional (AT 101)<\/p>\n<p>Modalidade: turmas abertas.<\/p>\n","protected":false},"excerpt":{"rendered":"...","protected":false},"author":1,"featured_media":0,"parent":208,"menu_order":2,"comment_status":"closed","ping_status":"closed","template":"","meta":{"footnotes":""},"class_list":["post-47","page","type-page","status-publish","hentry"],"yoast_head":"<!-- This site is optimized with the Yoast SEO plugin v25.2 - https:\/\/yoast.com\/wordpress\/plugins\/seo\/ -->\n<title>Forma\u00e7\u00e3o de Analistas Transacionais AT 202 - Zoeh Desenvolvimento de Pessoas<\/title>\n<meta name=\"robots\" content=\"index, follow, max-snippet:-1, max-image-preview:large, max-video-preview:-1\" \/>\n<link rel=\"canonical\" href=\"http:\/\/www.zoehdesenvolvimento.com.br\/site\/analise-transacional\/curso-de-formacao-de-analistas-transacionais-a-t-202\/\" \/>\n<meta property=\"og:locale\" content=\"pt_BR\" \/>\n<meta property=\"og:type\" content=\"article\" \/>\n<meta property=\"og:title\" content=\"Forma\u00e7\u00e3o de Analistas Transacionais AT 202 - Zoeh Desenvolvimento de Pessoas\" \/>\n<meta property=\"og:description\" content=\"\u00c1rea Organizacional Reconhecido pela UNAT-BRASIL (www.unat.org.br) Propicia a discuss\u00e3o sobre o funcionamento humano a partir da An\u00e1lise Transacional, culminando com a compreens\u00e3o da din\u00e2mica organizacional (equipes, estilo de gest\u00e3o, comunica\u00e7\u00e3o organizacional, entre outros) o que o qualifica a fazer interven\u00e7\u00f5es adequadas ao seu papel Possibilita ao profissional a compreens\u00e3o dos comportamentos organizacionais com alta probabilidade [&hellip;]\" \/>\n<meta property=\"og:url\" content=\"http:\/\/www.zoehdesenvolvimento.com.br\/site\/analise-transacional\/curso-de-formacao-de-analistas-transacionais-a-t-202\/\" \/>\n<meta property=\"og:site_name\" content=\"Zoeh Desenvolvimento de Pessoas\" \/>\n<meta name=\"twitter:card\" content=\"summary_large_image\" \/>\n<meta name=\"twitter:label1\" content=\"Est. tempo de leitura\" \/>\n\t<meta name=\"twitter:data1\" content=\"1 minuto\" \/>\n<script type=\"application\/ld+json\" class=\"yoast-schema-graph\">{\"@context\":\"https:\/\/schema.org\",\"@graph\":[{\"@type\":\"WebPage\",\"@id\":\"http:\/\/www.zoehdesenvolvimento.com.br\/site\/analise-transacional\/curso-de-formacao-de-analistas-transacionais-a-t-202\/\",\"url\":\"http:\/\/www.zoehdesenvolvimento.com.br\/site\/analise-transacional\/curso-de-formacao-de-analistas-transacionais-a-t-202\/\",\"name\":\"Forma\u00e7\u00e3o de Analistas Transacionais AT 202 - Zoeh Desenvolvimento de Pessoas\",\"isPartOf\":{\"@id\":\"http:\/\/www.zoehdesenvolvimento.com.br\/site\/#website\"},\"datePublished\":\"2011-05-11T19:58:35+00:00\",\"breadcrumb\":{\"@id\":\"http:\/\/www.zoehdesenvolvimento.com.br\/site\/analise-transacional\/curso-de-formacao-de-analistas-transacionais-a-t-202\/#breadcrumb\"},\"inLanguage\":\"pt-BR\",\"potentialAction\":[{\"@type\":\"ReadAction\",\"target\":[\"http:\/\/www.zoehdesenvolvimento.com.br\/site\/analise-transacional\/curso-de-formacao-de-analistas-transacionais-a-t-202\/\"]}]},{\"@type\":\"BreadcrumbList\",\"@id\":\"http:\/\/www.zoehdesenvolvimento.com.br\/site\/analise-transacional\/curso-de-formacao-de-analistas-transacionais-a-t-202\/#breadcrumb\",\"itemListElement\":[{\"@type\":\"ListItem\",\"position\":1,\"name\":\"In\u00edcio\",\"item\":\"http:\/\/www.zoehdesenvolvimento.com.br\/site\/\"},{\"@type\":\"ListItem\",\"position\":2,\"name\":\"An\u00e1lise Transacional\",\"item\":\"http:\/\/www.zoehdesenvolvimento.com.br\/site\/analise-transacional\/\"},{\"@type\":\"ListItem\",\"position\":3,\"name\":\"Forma\u00e7\u00e3o de Analistas Transacionais AT 202\"}]},{\"@type\":\"WebSite\",\"@id\":\"http:\/\/www.zoehdesenvolvimento.com.br\/site\/#website\",\"url\":\"http:\/\/www.zoehdesenvolvimento.com.br\/site\/\",\"name\":\"Zoeh Desenvolvimento de Pessoas\",\"description\":\"Desenvolvimento de Pessoas\",\"publisher\":{\"@id\":\"http:\/\/www.zoehdesenvolvimento.com.br\/site\/#organization\"},\"potentialAction\":[{\"@type\":\"SearchAction\",\"target\":{\"@type\":\"EntryPoint\",\"urlTemplate\":\"http:\/\/www.zoehdesenvolvimento.com.br\/site\/?s={search_term_string}\"},\"query-input\":{\"@type\":\"PropertyValueSpecification\",\"valueRequired\":true,\"valueName\":\"search_term_string\"}}],\"inLanguage\":\"pt-BR\"},{\"@type\":\"Organization\",\"@id\":\"http:\/\/www.zoehdesenvolvimento.com.br\/site\/#organization\",\"name\":\"Zoeh Desenvolvimento de Pessoas\",\"url\":\"http:\/\/www.zoehdesenvolvimento.com.br\/site\/\",\"logo\":{\"@type\":\"ImageObject\",\"inLanguage\":\"pt-BR\",\"@id\":\"http:\/\/www.zoehdesenvolvimento.com.br\/site\/#\/schema\/logo\/image\/\",\"url\":\"https:\/\/www.zoehdesenvolvimento.com.br\/site\/wp-content\/uploads\/2015\/10\/footer_logo.png\",\"contentUrl\":\"https:\/\/www.zoehdesenvolvimento.com.br\/site\/wp-content\/uploads\/2015\/10\/footer_logo.png\",\"width\":184,\"height\":120,\"caption\":\"Zoeh Desenvolvimento de Pessoas\"},\"image\":{\"@id\":\"http:\/\/www.zoehdesenvolvimento.com.br\/site\/#\/schema\/logo\/image\/\"}}]}<\/script>\n<!-- \/ Yoast SEO plugin. -->","yoast_head_json":{"title":"Forma\u00e7\u00e3o de Analistas Transacionais AT 202 - Zoeh Desenvolvimento de Pessoas","robots":{"index":"index","follow":"follow","max-snippet":"max-snippet:-1","max-image-preview":"max-image-preview:large","max-video-preview":"max-video-preview:-1"},"canonical":"http:\/\/www.zoehdesenvolvimento.com.br\/site\/analise-transacional\/curso-de-formacao-de-analistas-transacionais-a-t-202\/","og_locale":"pt_BR","og_type":"article","og_title":"Forma\u00e7\u00e3o de Analistas Transacionais AT 202 - Zoeh Desenvolvimento de Pessoas","og_description":"\u00c1rea Organizacional Reconhecido pela UNAT-BRASIL (www.unat.org.br) Propicia a discuss\u00e3o sobre o funcionamento humano a partir da An\u00e1lise Transacional, culminando com a compreens\u00e3o da din\u00e2mica organizacional (equipes, estilo de gest\u00e3o, comunica\u00e7\u00e3o organizacional, entre outros) o que o qualifica a fazer interven\u00e7\u00f5es adequadas ao seu papel Possibilita ao profissional a compreens\u00e3o dos comportamentos organizacionais com alta probabilidade [&hellip;]","og_url":"http:\/\/www.zoehdesenvolvimento.com.br\/site\/analise-transacional\/curso-de-formacao-de-analistas-transacionais-a-t-202\/","og_site_name":"Zoeh Desenvolvimento de Pessoas","twitter_card":"summary_large_image","twitter_misc":{"Est. tempo de leitura":"1 minuto"},"schema":{"@context":"https:\/\/schema.org","@graph":[{"@type":"WebPage","@id":"http:\/\/www.zoehdesenvolvimento.com.br\/site\/analise-transacional\/curso-de-formacao-de-analistas-transacionais-a-t-202\/","url":"http:\/\/www.zoehdesenvolvimento.com.br\/site\/analise-transacional\/curso-de-formacao-de-analistas-transacionais-a-t-202\/","name":"Forma\u00e7\u00e3o de Analistas Transacionais AT 202 - Zoeh Desenvolvimento de Pessoas","isPartOf":{"@id":"http:\/\/www.zoehdesenvolvimento.com.br\/site\/#website"},"datePublished":"2011-05-11T19:58:35+00:00","breadcrumb":{"@id":"http:\/\/www.zoehdesenvolvimento.com.br\/site\/analise-transacional\/curso-de-formacao-de-analistas-transacionais-a-t-202\/#breadcrumb"},"inLanguage":"pt-BR","potentialAction":[{"@type":"ReadAction","target":["http:\/\/www.zoehdesenvolvimento.com.br\/site\/analise-transacional\/curso-de-formacao-de-analistas-transacionais-a-t-202\/"]}]},{"@type":"BreadcrumbList","@id":"http:\/\/www.zoehdesenvolvimento.com.br\/site\/analise-transacional\/curso-de-formacao-de-analistas-transacionais-a-t-202\/#breadcrumb","itemListElement":[{"@type":"ListItem","position":1,"name":"In\u00edcio","item":"http:\/\/www.zoehdesenvolvimento.com.br\/site\/"},{"@type":"ListItem","position":2,"name":"An\u00e1lise Transacional","item":"http:\/\/www.zoehdesenvolvimento.com.br\/site\/analise-transacional\/"},{"@type":"ListItem","position":3,"name":"Forma\u00e7\u00e3o de Analistas Transacionais AT 202"}]},{"@type":"WebSite","@id":"http:\/\/www.zoehdesenvolvimento.com.br\/site\/#website","url":"http:\/\/www.zoehdesenvolvimento.com.br\/site\/","name":"Zoeh Desenvolvimento de Pessoas","description":"Desenvolvimento de Pessoas","publisher":{"@id":"http:\/\/www.zoehdesenvolvimento.com.br\/site\/#organization"},"potentialAction":[{"@type":"SearchAction","target":{"@type":"EntryPoint","urlTemplate":"http:\/\/www.zoehdesenvolvimento.com.br\/site\/?s={search_term_string}"},"query-input":{"@type":"PropertyValueSpecification","valueRequired":true,"valueName":"search_term_string"}}],"inLanguage":"pt-BR"},{"@type":"Organization","@id":"http:\/\/www.zoehdesenvolvimento.com.br\/site\/#organization","name":"Zoeh Desenvolvimento de Pessoas","url":"http:\/\/www.zoehdesenvolvimento.com.br\/site\/","logo":{"@type":"ImageObject","inLanguage":"pt-BR","@id":"http:\/\/www.zoehdesenvolvimento.com.br\/site\/#\/schema\/logo\/image\/","url":"https:\/\/www.zoehdesenvolvimento.com.br\/site\/wp-content\/uploads\/2015\/10\/footer_logo.png","contentUrl":"https:\/\/www.zoehdesenvolvimento.com.br\/site\/wp-content\/uploads\/2015\/10\/footer_logo.png","width":184,"height":120,"caption":"Zoeh Desenvolvimento de Pessoas"},"image":{"@id":"http:\/\/www.zoehdesenvolvimento.com.br\/site\/#\/schema\/logo\/image\/"}}]}},"jetpack_sharing_enabled":true,"_links":{"self":[{"href":"http:\/\/www.zoehdesenvolvimento.com.br\/site\/wp-json\/wp\/v2\/pages\/47","targetHints":{"allow":["GET"]}}],"collection":[{"href":"http:\/\/www.zoehdesenvolvimento.com.br\/site\/wp-json\/wp\/v2\/pages"}],"about":[{"href":"http:\/\/www.zoehdesenvolvimento.com.br\/site\/wp-json\/wp\/v2\/types\/page"}],"author":[{"embeddable":true,"href":"http:\/\/www.zoehdesenvolvimento.com.br\/site\/wp-json\/wp\/v2\/users\/1"}],"replies":[{"embeddable":true,"href":"http:\/\/www.zoehdesenvolvimento.com.br\/site\/wp-json\/wp\/v2\/comments?post=47"}],"version-history":[{"count":0,"href":"http:\/\/www.zoehdesenvolvimento.com.br\/site\/wp-json\/wp\/v2\/pages\/47\/revisions"}],"up":[{"embeddable":true,"href":"http:\/\/www.zoehdesenvolvimento.com.br\/site\/wp-json\/wp\/v2\/pages\/208"}],"wp:attachment":[{"href":"http:\/\/www.zoehdesenvolvimento.com.br\/site\/wp-json\/wp\/v2\/media?parent=47"}],"curies":[{"name":"wp","href":"https:\/\/api.w.org\/{rel}","templated":true}]}}