{"id":471,"date":"2011-05-06T18:56:46","date_gmt":"2011-05-06T18:56:46","guid":{"rendered":"http:\/\/www.zoehdesenvolvimento.com.br\/site\/"},"modified":"2015-10-15T02:48:41","modified_gmt":"2015-10-15T02:48:41","slug":"servicos","status":"publish","type":"page","link":"http:\/\/www.zoehdesenvolvimento.com.br\/site\/servicos\/","title":{"rendered":"Servi\u00e7os"},"content":{"rendered":"<p>Confira no <em>menu<\/em> ao lado nossos principais servi\u00e7os.<\/p>\n<h3>Metodologia<\/h3>\n<p>Nossa metodologia baseia-se nos princ\u00edpios da andragogia (educa\u00e7\u00e3o de adultos) e de conhecimentos sobre o funcionamento humano, processos grupais e din\u00e2mica organizacional.<br \/>\nSuporte te\u00f3rico: Administra\u00e7\u00e3o e Recursos Humanos, Economia, Criatividade Aplicada \u00e0s Empresas, An\u00e1lise Transacional, Din\u00e2mica dos Grupos, Psicologia Corporal, Psicologia Relacional Sist\u00eamica, Metodologia Experiencial (Treinamento ao Ar Livre).<br \/>\nO processo de trabalho abrange:<\/p>\n<ol>\n<li>Mapeamento da demanda considerando seu contexto hist\u00f3rico, atual e futuro<\/li>\n<li>Escolha de interven\u00e7\u00f5es adequadas para alavancar o gap ou promover a melhoria<\/li>\n<li>Contrato de co-responsabilidade por resultados mensur\u00e1veis<\/li>\n<li>Implementa\u00e7\u00e3o da a\u00e7\u00e3o e seu monitoramento cont\u00ednuo<\/li>\n<li>Avalia\u00e7\u00e3o de resultados<\/li>\n<\/ol>\n<p>Os servi\u00e7os s\u00e3o customizados, sendo elaborados a partir das necessidades e contexto do cliente, buscando promover aplicabilidade imediata e resultados negociados.<\/p>\n<p>S\u00e3o apresentados nas modalidades: <span class=\"blue\">palestra, programa seq\u00fcencial, interven\u00e7\u00e3o pontual.<\/span><\/p>\n<p>Os programas de desenvolvimento baseiam-se no Ciclo de Aprendizagem Vivencial, que associa os conte\u00fados abordados com a viv\u00eancia di\u00e1ria dos participantes nas organiza\u00e7\u00f5es. A abordagem interacionista, pr\u00e1tica e din\u00e2mica estimula e facilita a efic\u00e1cia dos resultados.<\/p>\n","protected":false},"excerpt":{"rendered":"...","protected":false},"author":1,"featured_media":0,"parent":0,"menu_order":0,"comment_status":"closed","ping_status":"closed","template":"","meta":{"footnotes":""},"class_list":["post-471","page","type-page","status-publish","hentry"],"yoast_head":"<!-- This site is optimized with the Yoast SEO plugin v25.2 - https:\/\/yoast.com\/wordpress\/plugins\/seo\/ -->\n<title>Servi\u00e7os - Zoeh Desenvolvimento de Pessoas<\/title>\n<meta name=\"robots\" content=\"index, follow, max-snippet:-1, max-image-preview:large, max-video-preview:-1\" \/>\n<link rel=\"canonical\" href=\"http:\/\/www.zoehdesenvolvimento.com.br\/site\/servicos\/\" \/>\n<meta property=\"og:locale\" content=\"pt_BR\" \/>\n<meta property=\"og:type\" content=\"article\" \/>\n<meta property=\"og:title\" content=\"Servi\u00e7os - Zoeh Desenvolvimento de Pessoas\" \/>\n<meta property=\"og:description\" content=\"Confira no menu ao lado nossos principais servi\u00e7os. Metodologia Nossa metodologia baseia-se nos princ\u00edpios da andragogia (educa\u00e7\u00e3o de adultos) e de conhecimentos sobre o funcionamento humano, processos grupais e din\u00e2mica organizacional. Suporte te\u00f3rico: Administra\u00e7\u00e3o e Recursos Humanos, Economia, Criatividade Aplicada \u00e0s Empresas, An\u00e1lise Transacional, Din\u00e2mica dos Grupos, Psicologia Corporal, Psicologia Relacional Sist\u00eamica, Metodologia Experiencial (Treinamento [&hellip;]\" \/>\n<meta property=\"og:url\" content=\"http:\/\/www.zoehdesenvolvimento.com.br\/site\/servicos\/\" \/>\n<meta property=\"og:site_name\" content=\"Zoeh Desenvolvimento de Pessoas\" \/>\n<meta property=\"article:modified_time\" content=\"2015-10-15T02:48:41+00:00\" \/>\n<meta name=\"twitter:card\" content=\"summary_large_image\" \/>\n<meta name=\"twitter:label1\" content=\"Est. tempo de leitura\" \/>\n\t<meta name=\"twitter:data1\" content=\"1 minuto\" \/>\n<script type=\"application\/ld+json\" class=\"yoast-schema-graph\">{\"@context\":\"https:\/\/schema.org\",\"@graph\":[{\"@type\":\"WebPage\",\"@id\":\"http:\/\/www.zoehdesenvolvimento.com.br\/site\/servicos\/\",\"url\":\"http:\/\/www.zoehdesenvolvimento.com.br\/site\/servicos\/\",\"name\":\"Servi\u00e7os - Zoeh Desenvolvimento de Pessoas\",\"isPartOf\":{\"@id\":\"https:\/\/www.zoehdesenvolvimento.com.br\/site\/#website\"},\"datePublished\":\"2011-05-06T18:56:46+00:00\",\"dateModified\":\"2015-10-15T02:48:41+00:00\",\"breadcrumb\":{\"@id\":\"http:\/\/www.zoehdesenvolvimento.com.br\/site\/servicos\/#breadcrumb\"},\"inLanguage\":\"pt-BR\",\"potentialAction\":[{\"@type\":\"ReadAction\",\"target\":[\"http:\/\/www.zoehdesenvolvimento.com.br\/site\/servicos\/\"]}]},{\"@type\":\"BreadcrumbList\",\"@id\":\"http:\/\/www.zoehdesenvolvimento.com.br\/site\/servicos\/#breadcrumb\",\"itemListElement\":[{\"@type\":\"ListItem\",\"position\":1,\"name\":\"In\u00edcio\",\"item\":\"https:\/\/www.zoehdesenvolvimento.com.br\/site\/\"},{\"@type\":\"ListItem\",\"position\":2,\"name\":\"Servi\u00e7os\"}]},{\"@type\":\"WebSite\",\"@id\":\"https:\/\/www.zoehdesenvolvimento.com.br\/site\/#website\",\"url\":\"https:\/\/www.zoehdesenvolvimento.com.br\/site\/\",\"name\":\"Zoeh Desenvolvimento de Pessoas\",\"description\":\"Desenvolvimento de Pessoas\",\"publisher\":{\"@id\":\"https:\/\/www.zoehdesenvolvimento.com.br\/site\/#organization\"},\"potentialAction\":[{\"@type\":\"SearchAction\",\"target\":{\"@type\":\"EntryPoint\",\"urlTemplate\":\"https:\/\/www.zoehdesenvolvimento.com.br\/site\/?s={search_term_string}\"},\"query-input\":{\"@type\":\"PropertyValueSpecification\",\"valueRequired\":true,\"valueName\":\"search_term_string\"}}],\"inLanguage\":\"pt-BR\"},{\"@type\":\"Organization\",\"@id\":\"https:\/\/www.zoehdesenvolvimento.com.br\/site\/#organization\",\"name\":\"Zoeh Desenvolvimento de Pessoas\",\"url\":\"https:\/\/www.zoehdesenvolvimento.com.br\/site\/\",\"logo\":{\"@type\":\"ImageObject\",\"inLanguage\":\"pt-BR\",\"@id\":\"https:\/\/www.zoehdesenvolvimento.com.br\/site\/#\/schema\/logo\/image\/\",\"url\":\"https:\/\/www.zoehdesenvolvimento.com.br\/site\/wp-content\/uploads\/2015\/10\/footer_logo.png\",\"contentUrl\":\"https:\/\/www.zoehdesenvolvimento.com.br\/site\/wp-content\/uploads\/2015\/10\/footer_logo.png\",\"width\":184,\"height\":120,\"caption\":\"Zoeh Desenvolvimento de Pessoas\"},\"image\":{\"@id\":\"https:\/\/www.zoehdesenvolvimento.com.br\/site\/#\/schema\/logo\/image\/\"}}]}<\/script>\n<!-- \/ Yoast SEO plugin. -->","yoast_head_json":{"title":"Servi\u00e7os - Zoeh Desenvolvimento de Pessoas","robots":{"index":"index","follow":"follow","max-snippet":"max-snippet:-1","max-image-preview":"max-image-preview:large","max-video-preview":"max-video-preview:-1"},"canonical":"http:\/\/www.zoehdesenvolvimento.com.br\/site\/servicos\/","og_locale":"pt_BR","og_type":"article","og_title":"Servi\u00e7os - Zoeh Desenvolvimento de Pessoas","og_description":"Confira no menu ao lado nossos principais servi\u00e7os. Metodologia Nossa metodologia baseia-se nos princ\u00edpios da andragogia (educa\u00e7\u00e3o de adultos) e de conhecimentos sobre o funcionamento humano, processos grupais e din\u00e2mica organizacional. Suporte te\u00f3rico: Administra\u00e7\u00e3o e Recursos Humanos, Economia, Criatividade Aplicada \u00e0s Empresas, An\u00e1lise Transacional, Din\u00e2mica dos Grupos, Psicologia Corporal, Psicologia Relacional Sist\u00eamica, Metodologia Experiencial (Treinamento [&hellip;]","og_url":"http:\/\/www.zoehdesenvolvimento.com.br\/site\/servicos\/","og_site_name":"Zoeh Desenvolvimento de Pessoas","article_modified_time":"2015-10-15T02:48:41+00:00","twitter_card":"summary_large_image","twitter_misc":{"Est. tempo de leitura":"1 minuto"},"schema":{"@context":"https:\/\/schema.org","@graph":[{"@type":"WebPage","@id":"http:\/\/www.zoehdesenvolvimento.com.br\/site\/servicos\/","url":"http:\/\/www.zoehdesenvolvimento.com.br\/site\/servicos\/","name":"Servi\u00e7os - Zoeh Desenvolvimento de Pessoas","isPartOf":{"@id":"https:\/\/www.zoehdesenvolvimento.com.br\/site\/#website"},"datePublished":"2011-05-06T18:56:46+00:00","dateModified":"2015-10-15T02:48:41+00:00","breadcrumb":{"@id":"http:\/\/www.zoehdesenvolvimento.com.br\/site\/servicos\/#breadcrumb"},"inLanguage":"pt-BR","potentialAction":[{"@type":"ReadAction","target":["http:\/\/www.zoehdesenvolvimento.com.br\/site\/servicos\/"]}]},{"@type":"BreadcrumbList","@id":"http:\/\/www.zoehdesenvolvimento.com.br\/site\/servicos\/#breadcrumb","itemListElement":[{"@type":"ListItem","position":1,"name":"In\u00edcio","item":"https:\/\/www.zoehdesenvolvimento.com.br\/site\/"},{"@type":"ListItem","position":2,"name":"Servi\u00e7os"}]},{"@type":"WebSite","@id":"https:\/\/www.zoehdesenvolvimento.com.br\/site\/#website","url":"https:\/\/www.zoehdesenvolvimento.com.br\/site\/","name":"Zoeh Desenvolvimento de Pessoas","description":"Desenvolvimento de Pessoas","publisher":{"@id":"https:\/\/www.zoehdesenvolvimento.com.br\/site\/#organization"},"potentialAction":[{"@type":"SearchAction","target":{"@type":"EntryPoint","urlTemplate":"https:\/\/www.zoehdesenvolvimento.com.br\/site\/?s={search_term_string}"},"query-input":{"@type":"PropertyValueSpecification","valueRequired":true,"valueName":"search_term_string"}}],"inLanguage":"pt-BR"},{"@type":"Organization","@id":"https:\/\/www.zoehdesenvolvimento.com.br\/site\/#organization","name":"Zoeh Desenvolvimento de Pessoas","url":"https:\/\/www.zoehdesenvolvimento.com.br\/site\/","logo":{"@type":"ImageObject","inLanguage":"pt-BR","@id":"https:\/\/www.zoehdesenvolvimento.com.br\/site\/#\/schema\/logo\/image\/","url":"https:\/\/www.zoehdesenvolvimento.com.br\/site\/wp-content\/uploads\/2015\/10\/footer_logo.png","contentUrl":"https:\/\/www.zoehdesenvolvimento.com.br\/site\/wp-content\/uploads\/2015\/10\/footer_logo.png","width":184,"height":120,"caption":"Zoeh Desenvolvimento de Pessoas"},"image":{"@id":"https:\/\/www.zoehdesenvolvimento.com.br\/site\/#\/schema\/logo\/image\/"}}]}},"jetpack_sharing_enabled":true,"_links":{"self":[{"href":"http:\/\/www.zoehdesenvolvimento.com.br\/site\/wp-json\/wp\/v2\/pages\/471","targetHints":{"allow":["GET"]}}],"collection":[{"href":"http:\/\/www.zoehdesenvolvimento.com.br\/site\/wp-json\/wp\/v2\/pages"}],"about":[{"href":"http:\/\/www.zoehdesenvolvimento.com.br\/site\/wp-json\/wp\/v2\/types\/page"}],"author":[{"embeddable":true,"href":"http:\/\/www.zoehdesenvolvimento.com.br\/site\/wp-json\/wp\/v2\/users\/1"}],"replies":[{"embeddable":true,"href":"http:\/\/www.zoehdesenvolvimento.com.br\/site\/wp-json\/wp\/v2\/comments?post=471"}],"version-history":[{"count":0,"href":"http:\/\/www.zoehdesenvolvimento.com.br\/site\/wp-json\/wp\/v2\/pages\/471\/revisions"}],"wp:attachment":[{"href":"http:\/\/www.zoehdesenvolvimento.com.br\/site\/wp-json\/wp\/v2\/media?parent=471"}],"curies":[{"name":"wp","href":"https:\/\/api.w.org\/{rel}","templated":true}]}}