{"id":472,"date":"2011-05-06T18:57:47","date_gmt":"2011-05-06T18:57:47","guid":{"rendered":"http:\/\/www.zoehdesenvolvimento.com.br\/site\/"},"modified":"2015-11-12T02:13:31","modified_gmt":"2015-11-12T02:13:31","slug":"clientes","status":"publish","type":"page","link":"http:\/\/www.zoehdesenvolvimento.com.br\/site\/clientes\/","title":{"rendered":"Clientes"},"content":{"rendered":"<p>Alguns dos nossos clientes.<\/p>\n<ul class=\"blue\">\n<li>Aerofarma<\/li>\n<li>Botic\u00e1rio<\/li>\n<li>Aluforte Alum\u00ednio e Componentes<\/li>\n<li>Antex \u2013 Angl\u00e9s Textil<\/li>\n<li>ASEC \u2013 Associa\u00e7\u00e3o pela Sa\u00fade Emocional de Crian\u00e7as<\/li>\n<li>Banco do Brasil<\/li>\n<li>Caixa Econ\u00f4mica Federal<\/li>\n<li>Cassi \u2013 Caixa de Assist\u00eancia dos Funcion\u00e1rios do Banco do Brasil<\/li>\n<li>Celepar Inform\u00e1tica do Paran\u00e1<\/li>\n<li>Cia Caetano Branco<\/li>\n<li>Cocal A\u00e7\u00facar e \u00c1lcool<\/li>\n<li>Cohab Curitiba<\/li>\n<li>Col\u00e9gio Bagozzi Grupo Educacional<\/li>\n<li>Dale Carnegie Training<\/li>\n<li>DER Paran\u00e1<\/li>\n<li>Dixtal &#8211; Philips<\/li>\n<li>Electrolux do Brasil<\/li>\n<li>Embraco Compressores<\/li>\n<li>Escola de Governo do Paran\u00e1<\/li>\n<li>FAS &#8211; Funda\u00e7\u00e3o de A\u00e7\u00e3o Social<\/li>\n<li>Federa\u00e7\u00e3o Unimed<\/li>\n<li>FMM Engenharia<\/li>\n<li>Galv\u00e3o Planejamento Imobili\u00e1rio e Vendas<\/li>\n<li>Impextraco Latin Am\u00e9rica<\/li>\n<li>Komatsu Forest<\/li>\n<li>Herbarium Laborat\u00f3rios Bot\u00e2nicos<\/li>\n<li>Prefeitura Municipal de Curitiba \u2013 Secretarias Municipais: Abastecimento, Administra\u00e7\u00e3o, Sa\u00fade e Urbanismo<\/li>\n<li>Incepa Revestimentos Cer\u00e2micos<\/li>\n<li>Itaipu Binacional<\/li>\n<li>Justi\u00e7a Federal do Paran\u00e1<\/li>\n<li>Kowalski Alimentos<\/li>\n<li>M\u00eddia Digital<\/li>\n<li>Montana ind\u00fastria de solu\u00e7\u00f5es para a agricultura<\/li>\n<li>Farm\u00e1cias e Drogarias Nissei<\/li>\n<li>Novozymes Latin Am\u00e9rica<\/li>\n<li>OVD Importadora e Distribuidora<\/li>\n<li>Pelissari Gest\u00e3o e Tecnologia<\/li>\n<li>Petrobras<\/li>\n<li>Perkons<\/li>\n<li>Positivo Inform\u00e1tica<\/li>\n<li>PUC PR<\/li>\n<li>SESI<\/li>\n<li>SESC<\/li>\n<li>SBDG Sociedade Brasileira de Din\u00e2mica dos Grupos<\/li>\n<li>SEBRAE PR<\/li>\n<li>Tribunal Regional Eleitoral PR<\/li>\n<li>Tribunal de Justi\u00e7a do Paran\u00e1<\/li>\n<li>Tribunal Regional do Trabalho PR<\/li>\n<li>URBS<\/li>\n<li>Volvo do Brasil Ve\u00edculos<\/li>\n<\/ul>\n","protected":false},"excerpt":{"rendered":"...","protected":false},"author":1,"featured_media":0,"parent":0,"menu_order":0,"comment_status":"closed","ping_status":"closed","template":"","meta":{"footnotes":""},"class_list":["post-472","page","type-page","status-publish","hentry"],"yoast_head":"<!-- This site is optimized with the Yoast SEO plugin v25.2 - https:\/\/yoast.com\/wordpress\/plugins\/seo\/ -->\n<title>Clientes - Zoeh Desenvolvimento de Pessoas<\/title>\n<meta name=\"robots\" content=\"index, follow, max-snippet:-1, max-image-preview:large, max-video-preview:-1\" \/>\n<link rel=\"canonical\" href=\"http:\/\/www.zoehdesenvolvimento.com.br\/site\/clientes\/\" \/>\n<meta property=\"og:locale\" content=\"pt_BR\" \/>\n<meta property=\"og:type\" content=\"article\" \/>\n<meta property=\"og:title\" content=\"Clientes - Zoeh Desenvolvimento de Pessoas\" \/>\n<meta property=\"og:description\" content=\"Alguns dos nossos clientes. Aerofarma Botic\u00e1rio Aluforte Alum\u00ednio e Componentes Antex \u2013 Angl\u00e9s Textil ASEC \u2013 Associa\u00e7\u00e3o pela Sa\u00fade Emocional de Crian\u00e7as Banco do Brasil Caixa Econ\u00f4mica Federal Cassi \u2013 Caixa de Assist\u00eancia dos Funcion\u00e1rios do Banco do Brasil Celepar Inform\u00e1tica do Paran\u00e1 Cia Caetano Branco Cocal A\u00e7\u00facar e \u00c1lcool Cohab Curitiba Col\u00e9gio Bagozzi Grupo [&hellip;]\" \/>\n<meta property=\"og:url\" content=\"http:\/\/www.zoehdesenvolvimento.com.br\/site\/clientes\/\" \/>\n<meta property=\"og:site_name\" content=\"Zoeh Desenvolvimento de Pessoas\" \/>\n<meta property=\"article:modified_time\" content=\"2015-11-12T02:13:31+00:00\" \/>\n<meta name=\"twitter:card\" content=\"summary_large_image\" \/>\n<meta name=\"twitter:label1\" content=\"Est. tempo de leitura\" \/>\n\t<meta name=\"twitter:data1\" content=\"1 minuto\" \/>\n<script type=\"application\/ld+json\" class=\"yoast-schema-graph\">{\"@context\":\"https:\/\/schema.org\",\"@graph\":[{\"@type\":\"WebPage\",\"@id\":\"http:\/\/www.zoehdesenvolvimento.com.br\/site\/clientes\/\",\"url\":\"http:\/\/www.zoehdesenvolvimento.com.br\/site\/clientes\/\",\"name\":\"Clientes - Zoeh Desenvolvimento de Pessoas\",\"isPartOf\":{\"@id\":\"http:\/\/www.zoehdesenvolvimento.com.br\/site\/#website\"},\"datePublished\":\"2011-05-06T18:57:47+00:00\",\"dateModified\":\"2015-11-12T02:13:31+00:00\",\"breadcrumb\":{\"@id\":\"http:\/\/www.zoehdesenvolvimento.com.br\/site\/clientes\/#breadcrumb\"},\"inLanguage\":\"pt-BR\",\"potentialAction\":[{\"@type\":\"ReadAction\",\"target\":[\"http:\/\/www.zoehdesenvolvimento.com.br\/site\/clientes\/\"]}]},{\"@type\":\"BreadcrumbList\",\"@id\":\"http:\/\/www.zoehdesenvolvimento.com.br\/site\/clientes\/#breadcrumb\",\"itemListElement\":[{\"@type\":\"ListItem\",\"position\":1,\"name\":\"In\u00edcio\",\"item\":\"http:\/\/www.zoehdesenvolvimento.com.br\/site\/\"},{\"@type\":\"ListItem\",\"position\":2,\"name\":\"Clientes\"}]},{\"@type\":\"WebSite\",\"@id\":\"http:\/\/www.zoehdesenvolvimento.com.br\/site\/#website\",\"url\":\"http:\/\/www.zoehdesenvolvimento.com.br\/site\/\",\"name\":\"Zoeh Desenvolvimento de Pessoas\",\"description\":\"Desenvolvimento de Pessoas\",\"publisher\":{\"@id\":\"http:\/\/www.zoehdesenvolvimento.com.br\/site\/#organization\"},\"potentialAction\":[{\"@type\":\"SearchAction\",\"target\":{\"@type\":\"EntryPoint\",\"urlTemplate\":\"http:\/\/www.zoehdesenvolvimento.com.br\/site\/?s={search_term_string}\"},\"query-input\":{\"@type\":\"PropertyValueSpecification\",\"valueRequired\":true,\"valueName\":\"search_term_string\"}}],\"inLanguage\":\"pt-BR\"},{\"@type\":\"Organization\",\"@id\":\"http:\/\/www.zoehdesenvolvimento.com.br\/site\/#organization\",\"name\":\"Zoeh Desenvolvimento de Pessoas\",\"url\":\"http:\/\/www.zoehdesenvolvimento.com.br\/site\/\",\"logo\":{\"@type\":\"ImageObject\",\"inLanguage\":\"pt-BR\",\"@id\":\"http:\/\/www.zoehdesenvolvimento.com.br\/site\/#\/schema\/logo\/image\/\",\"url\":\"https:\/\/www.zoehdesenvolvimento.com.br\/site\/wp-content\/uploads\/2015\/10\/footer_logo.png\",\"contentUrl\":\"https:\/\/www.zoehdesenvolvimento.com.br\/site\/wp-content\/uploads\/2015\/10\/footer_logo.png\",\"width\":184,\"height\":120,\"caption\":\"Zoeh Desenvolvimento de Pessoas\"},\"image\":{\"@id\":\"http:\/\/www.zoehdesenvolvimento.com.br\/site\/#\/schema\/logo\/image\/\"}}]}<\/script>\n<!-- \/ Yoast SEO plugin. -->","yoast_head_json":{"title":"Clientes - Zoeh Desenvolvimento de Pessoas","robots":{"index":"index","follow":"follow","max-snippet":"max-snippet:-1","max-image-preview":"max-image-preview:large","max-video-preview":"max-video-preview:-1"},"canonical":"http:\/\/www.zoehdesenvolvimento.com.br\/site\/clientes\/","og_locale":"pt_BR","og_type":"article","og_title":"Clientes - Zoeh Desenvolvimento de Pessoas","og_description":"Alguns dos nossos clientes. Aerofarma Botic\u00e1rio Aluforte Alum\u00ednio e Componentes Antex \u2013 Angl\u00e9s Textil ASEC \u2013 Associa\u00e7\u00e3o pela Sa\u00fade Emocional de Crian\u00e7as Banco do Brasil Caixa Econ\u00f4mica Federal Cassi \u2013 Caixa de Assist\u00eancia dos Funcion\u00e1rios do Banco do Brasil Celepar Inform\u00e1tica do Paran\u00e1 Cia Caetano Branco Cocal A\u00e7\u00facar e \u00c1lcool Cohab Curitiba Col\u00e9gio Bagozzi Grupo [&hellip;]","og_url":"http:\/\/www.zoehdesenvolvimento.com.br\/site\/clientes\/","og_site_name":"Zoeh Desenvolvimento de Pessoas","article_modified_time":"2015-11-12T02:13:31+00:00","twitter_card":"summary_large_image","twitter_misc":{"Est. tempo de leitura":"1 minuto"},"schema":{"@context":"https:\/\/schema.org","@graph":[{"@type":"WebPage","@id":"http:\/\/www.zoehdesenvolvimento.com.br\/site\/clientes\/","url":"http:\/\/www.zoehdesenvolvimento.com.br\/site\/clientes\/","name":"Clientes - Zoeh Desenvolvimento de Pessoas","isPartOf":{"@id":"http:\/\/www.zoehdesenvolvimento.com.br\/site\/#website"},"datePublished":"2011-05-06T18:57:47+00:00","dateModified":"2015-11-12T02:13:31+00:00","breadcrumb":{"@id":"http:\/\/www.zoehdesenvolvimento.com.br\/site\/clientes\/#breadcrumb"},"inLanguage":"pt-BR","potentialAction":[{"@type":"ReadAction","target":["http:\/\/www.zoehdesenvolvimento.com.br\/site\/clientes\/"]}]},{"@type":"BreadcrumbList","@id":"http:\/\/www.zoehdesenvolvimento.com.br\/site\/clientes\/#breadcrumb","itemListElement":[{"@type":"ListItem","position":1,"name":"In\u00edcio","item":"http:\/\/www.zoehdesenvolvimento.com.br\/site\/"},{"@type":"ListItem","position":2,"name":"Clientes"}]},{"@type":"WebSite","@id":"http:\/\/www.zoehdesenvolvimento.com.br\/site\/#website","url":"http:\/\/www.zoehdesenvolvimento.com.br\/site\/","name":"Zoeh Desenvolvimento de Pessoas","description":"Desenvolvimento de Pessoas","publisher":{"@id":"http:\/\/www.zoehdesenvolvimento.com.br\/site\/#organization"},"potentialAction":[{"@type":"SearchAction","target":{"@type":"EntryPoint","urlTemplate":"http:\/\/www.zoehdesenvolvimento.com.br\/site\/?s={search_term_string}"},"query-input":{"@type":"PropertyValueSpecification","valueRequired":true,"valueName":"search_term_string"}}],"inLanguage":"pt-BR"},{"@type":"Organization","@id":"http:\/\/www.zoehdesenvolvimento.com.br\/site\/#organization","name":"Zoeh Desenvolvimento de Pessoas","url":"http:\/\/www.zoehdesenvolvimento.com.br\/site\/","logo":{"@type":"ImageObject","inLanguage":"pt-BR","@id":"http:\/\/www.zoehdesenvolvimento.com.br\/site\/#\/schema\/logo\/image\/","url":"https:\/\/www.zoehdesenvolvimento.com.br\/site\/wp-content\/uploads\/2015\/10\/footer_logo.png","contentUrl":"https:\/\/www.zoehdesenvolvimento.com.br\/site\/wp-content\/uploads\/2015\/10\/footer_logo.png","width":184,"height":120,"caption":"Zoeh Desenvolvimento de Pessoas"},"image":{"@id":"http:\/\/www.zoehdesenvolvimento.com.br\/site\/#\/schema\/logo\/image\/"}}]}},"jetpack_sharing_enabled":true,"_links":{"self":[{"href":"http:\/\/www.zoehdesenvolvimento.com.br\/site\/wp-json\/wp\/v2\/pages\/472","targetHints":{"allow":["GET"]}}],"collection":[{"href":"http:\/\/www.zoehdesenvolvimento.com.br\/site\/wp-json\/wp\/v2\/pages"}],"about":[{"href":"http:\/\/www.zoehdesenvolvimento.com.br\/site\/wp-json\/wp\/v2\/types\/page"}],"author":[{"embeddable":true,"href":"http:\/\/www.zoehdesenvolvimento.com.br\/site\/wp-json\/wp\/v2\/users\/1"}],"replies":[{"embeddable":true,"href":"http:\/\/www.zoehdesenvolvimento.com.br\/site\/wp-json\/wp\/v2\/comments?post=472"}],"version-history":[{"count":0,"href":"http:\/\/www.zoehdesenvolvimento.com.br\/site\/wp-json\/wp\/v2\/pages\/472\/revisions"}],"wp:attachment":[{"href":"http:\/\/www.zoehdesenvolvimento.com.br\/site\/wp-json\/wp\/v2\/media?parent=472"}],"curies":[{"name":"wp","href":"https:\/\/api.w.org\/{rel}","templated":true}]}}