{"id":12,"date":"2011-05-06T20:15:19","date_gmt":"2011-05-06T20:15:19","guid":{"rendered":"http:\/\/www.zoehdesenvolvimento.com.br\/site\/"},"modified":"2022-07-26T13:49:58","modified_gmt":"2022-07-26T13:49:58","slug":"ercilia-silva","status":"publish","type":"page","link":"https:\/\/www.zoehdesenvolvimento.com.br\/site\/coordenacao\/ercilia-silva\/","title":{"rendered":"Ercilia Silva"},"content":{"rendered":"<figure id=\"attachment_36\" aria-describedby=\"caption-attachment-36\" style=\"width: 200px\" class=\"wp-caption alignright\"><img loading=\"lazy\" decoding=\"async\" class=\"size-medium wp-image-36 \" title=\"Ercilia Silva\" src=\"http:\/\/www.zoehdesenvolvimento.com.br\/site\/wp-content\/uploads\/2011\/05\/ercilia1-200x300.jpg\" alt=\"Ercilia Silva\" width=\"200\" height=\"300\" \/><figcaption id=\"caption-attachment-36\" class=\"wp-caption-text\">Ercilia Silva<\/figcaption><\/figure>\n<p>Psic\u00f3loga, com mestrado em Criatividade pela Universidade de Santiago de Compostela \/ Espanha. Especializa\u00e7\u00e3o em Treinamento e Desenvolvimento. Coordenadora em Din\u00e2mica dos Grupos pela SBDG. Analista transacional Membro Didata em Forma\u00e7\u00e3o pela\u00a0 UNAT BRASIL nas \u00e1reas Organizacional e Psicoterapia.<\/p>\n<p><em>Psicoterapeuta. Coach<\/em> Pessoal, Executivo e de Equipes, membro da ABRACEM \u2013 Associa\u00e7\u00e3o Brasileira de <em>Coaching<\/em> Executivo e Empresarial e da\u00a0 <em>Internatinal Coaching Community.<\/em><\/p>\n<p>Co-criadora <em>da Escuela de Facilitadores de la Creatividad y la Innovaci\u00f3n,<\/em> Guatemala.<\/p>\n<p>Professora em cursos de p\u00f3s-gradua\u00e7\u00e3o na \u00e1rea de gest\u00e3o de pessoas e lideran\u00e7a.<\/p>\n<p>&nbsp;<\/p>\n","protected":false},"excerpt":{"rendered":"...","protected":false},"author":1,"featured_media":0,"parent":11,"menu_order":0,"comment_status":"closed","ping_status":"closed","template":"","meta":{"footnotes":""},"class_list":["post-12","page","type-page","status-publish","hentry"],"yoast_head":"<!-- This site is optimized with the Yoast SEO plugin v25.2 - https:\/\/yoast.com\/wordpress\/plugins\/seo\/ -->\n<title>Ercilia Silva - Zoeh Desenvolvimento de Pessoas<\/title>\n<meta name=\"robots\" content=\"index, follow, max-snippet:-1, max-image-preview:large, max-video-preview:-1\" \/>\n<link rel=\"canonical\" href=\"https:\/\/www.zoehdesenvolvimento.com.br\/site\/coordenacao\/ercilia-silva\/\" \/>\n<meta property=\"og:locale\" content=\"pt_BR\" \/>\n<meta property=\"og:type\" content=\"article\" \/>\n<meta property=\"og:title\" content=\"Ercilia Silva - Zoeh Desenvolvimento de Pessoas\" \/>\n<meta property=\"og:description\" content=\"Psic\u00f3loga, com mestrado em Criatividade pela Universidade de Santiago de Compostela \/ Espanha. Especializa\u00e7\u00e3o em Treinamento e Desenvolvimento. Coordenadora em Din\u00e2mica dos Grupos pela SBDG. Analista transacional Membro Didata em Forma\u00e7\u00e3o pela\u00a0 UNAT BRASIL nas \u00e1reas Organizacional e Psicoterapia. Psicoterapeuta. Coach Pessoal, Executivo e de Equipes, membro da ABRACEM \u2013 Associa\u00e7\u00e3o Brasileira de Coaching Executivo [&hellip;]\" \/>\n<meta property=\"og:url\" content=\"https:\/\/www.zoehdesenvolvimento.com.br\/site\/coordenacao\/ercilia-silva\/\" \/>\n<meta property=\"og:site_name\" content=\"Zoeh Desenvolvimento de Pessoas\" \/>\n<meta property=\"article:modified_time\" content=\"2022-07-26T13:49:58+00:00\" \/>\n<meta property=\"og:image\" content=\"http:\/\/www.zoehdesenvolvimento.com.br\/site\/wp-content\/uploads\/2011\/05\/ercilia1-200x300.jpg\" \/>\n<meta name=\"twitter:card\" content=\"summary_large_image\" \/>\n<meta name=\"twitter:label1\" content=\"Est. tempo de leitura\" \/>\n\t<meta name=\"twitter:data1\" content=\"1 minuto\" \/>\n<script type=\"application\/ld+json\" class=\"yoast-schema-graph\">{\"@context\":\"https:\/\/schema.org\",\"@graph\":[{\"@type\":\"WebPage\",\"@id\":\"https:\/\/www.zoehdesenvolvimento.com.br\/site\/coordenacao\/ercilia-silva\/\",\"url\":\"https:\/\/www.zoehdesenvolvimento.com.br\/site\/coordenacao\/ercilia-silva\/\",\"name\":\"Ercilia Silva - Zoeh Desenvolvimento de Pessoas\",\"isPartOf\":{\"@id\":\"http:\/\/www.zoehdesenvolvimento.com.br\/site\/#website\"},\"primaryImageOfPage\":{\"@id\":\"https:\/\/www.zoehdesenvolvimento.com.br\/site\/coordenacao\/ercilia-silva\/#primaryimage\"},\"image\":{\"@id\":\"https:\/\/www.zoehdesenvolvimento.com.br\/site\/coordenacao\/ercilia-silva\/#primaryimage\"},\"thumbnailUrl\":\"http:\/\/www.zoehdesenvolvimento.com.br\/site\/wp-content\/uploads\/2011\/05\/ercilia1-200x300.jpg\",\"datePublished\":\"2011-05-06T20:15:19+00:00\",\"dateModified\":\"2022-07-26T13:49:58+00:00\",\"breadcrumb\":{\"@id\":\"https:\/\/www.zoehdesenvolvimento.com.br\/site\/coordenacao\/ercilia-silva\/#breadcrumb\"},\"inLanguage\":\"pt-BR\",\"potentialAction\":[{\"@type\":\"ReadAction\",\"target\":[\"https:\/\/www.zoehdesenvolvimento.com.br\/site\/coordenacao\/ercilia-silva\/\"]}]},{\"@type\":\"ImageObject\",\"inLanguage\":\"pt-BR\",\"@id\":\"https:\/\/www.zoehdesenvolvimento.com.br\/site\/coordenacao\/ercilia-silva\/#primaryimage\",\"url\":\"http:\/\/www.zoehdesenvolvimento.com.br\/site\/wp-content\/uploads\/2011\/05\/ercilia1-200x300.jpg\",\"contentUrl\":\"http:\/\/www.zoehdesenvolvimento.com.br\/site\/wp-content\/uploads\/2011\/05\/ercilia1-200x300.jpg\"},{\"@type\":\"BreadcrumbList\",\"@id\":\"https:\/\/www.zoehdesenvolvimento.com.br\/site\/coordenacao\/ercilia-silva\/#breadcrumb\",\"itemListElement\":[{\"@type\":\"ListItem\",\"position\":1,\"name\":\"In\u00edcio\",\"item\":\"http:\/\/www.zoehdesenvolvimento.com.br\/site\/\"},{\"@type\":\"ListItem\",\"position\":2,\"name\":\"Coordena\u00e7\u00e3o\",\"item\":\"http:\/\/www.zoehdesenvolvimento.com.br\/site\/coordenacao\/\"},{\"@type\":\"ListItem\",\"position\":3,\"name\":\"Ercilia Silva\"}]},{\"@type\":\"WebSite\",\"@id\":\"http:\/\/www.zoehdesenvolvimento.com.br\/site\/#website\",\"url\":\"http:\/\/www.zoehdesenvolvimento.com.br\/site\/\",\"name\":\"Zoeh Desenvolvimento de Pessoas\",\"description\":\"Desenvolvimento de Pessoas\",\"publisher\":{\"@id\":\"http:\/\/www.zoehdesenvolvimento.com.br\/site\/#organization\"},\"potentialAction\":[{\"@type\":\"SearchAction\",\"target\":{\"@type\":\"EntryPoint\",\"urlTemplate\":\"http:\/\/www.zoehdesenvolvimento.com.br\/site\/?s={search_term_string}\"},\"query-input\":{\"@type\":\"PropertyValueSpecification\",\"valueRequired\":true,\"valueName\":\"search_term_string\"}}],\"inLanguage\":\"pt-BR\"},{\"@type\":\"Organization\",\"@id\":\"http:\/\/www.zoehdesenvolvimento.com.br\/site\/#organization\",\"name\":\"Zoeh Desenvolvimento de Pessoas\",\"url\":\"http:\/\/www.zoehdesenvolvimento.com.br\/site\/\",\"logo\":{\"@type\":\"ImageObject\",\"inLanguage\":\"pt-BR\",\"@id\":\"http:\/\/www.zoehdesenvolvimento.com.br\/site\/#\/schema\/logo\/image\/\",\"url\":\"https:\/\/www.zoehdesenvolvimento.com.br\/site\/wp-content\/uploads\/2015\/10\/footer_logo.png\",\"contentUrl\":\"https:\/\/www.zoehdesenvolvimento.com.br\/site\/wp-content\/uploads\/2015\/10\/footer_logo.png\",\"width\":184,\"height\":120,\"caption\":\"Zoeh Desenvolvimento de Pessoas\"},\"image\":{\"@id\":\"http:\/\/www.zoehdesenvolvimento.com.br\/site\/#\/schema\/logo\/image\/\"}}]}<\/script>\n<!-- \/ Yoast SEO plugin. -->","yoast_head_json":{"title":"Ercilia Silva - Zoeh Desenvolvimento de Pessoas","robots":{"index":"index","follow":"follow","max-snippet":"max-snippet:-1","max-image-preview":"max-image-preview:large","max-video-preview":"max-video-preview:-1"},"canonical":"https:\/\/www.zoehdesenvolvimento.com.br\/site\/coordenacao\/ercilia-silva\/","og_locale":"pt_BR","og_type":"article","og_title":"Ercilia Silva - Zoeh Desenvolvimento de Pessoas","og_description":"Psic\u00f3loga, com mestrado em Criatividade pela Universidade de Santiago de Compostela \/ Espanha. Especializa\u00e7\u00e3o em Treinamento e Desenvolvimento. Coordenadora em Din\u00e2mica dos Grupos pela SBDG. Analista transacional Membro Didata em Forma\u00e7\u00e3o pela\u00a0 UNAT BRASIL nas \u00e1reas Organizacional e Psicoterapia. Psicoterapeuta. Coach Pessoal, Executivo e de Equipes, membro da ABRACEM \u2013 Associa\u00e7\u00e3o Brasileira de Coaching Executivo [&hellip;]","og_url":"https:\/\/www.zoehdesenvolvimento.com.br\/site\/coordenacao\/ercilia-silva\/","og_site_name":"Zoeh Desenvolvimento de Pessoas","article_modified_time":"2022-07-26T13:49:58+00:00","og_image":[{"url":"http:\/\/www.zoehdesenvolvimento.com.br\/site\/wp-content\/uploads\/2011\/05\/ercilia1-200x300.jpg","type":"","width":"","height":""}],"twitter_card":"summary_large_image","twitter_misc":{"Est. tempo de leitura":"1 minuto"},"schema":{"@context":"https:\/\/schema.org","@graph":[{"@type":"WebPage","@id":"https:\/\/www.zoehdesenvolvimento.com.br\/site\/coordenacao\/ercilia-silva\/","url":"https:\/\/www.zoehdesenvolvimento.com.br\/site\/coordenacao\/ercilia-silva\/","name":"Ercilia Silva - Zoeh Desenvolvimento de Pessoas","isPartOf":{"@id":"http:\/\/www.zoehdesenvolvimento.com.br\/site\/#website"},"primaryImageOfPage":{"@id":"https:\/\/www.zoehdesenvolvimento.com.br\/site\/coordenacao\/ercilia-silva\/#primaryimage"},"image":{"@id":"https:\/\/www.zoehdesenvolvimento.com.br\/site\/coordenacao\/ercilia-silva\/#primaryimage"},"thumbnailUrl":"http:\/\/www.zoehdesenvolvimento.com.br\/site\/wp-content\/uploads\/2011\/05\/ercilia1-200x300.jpg","datePublished":"2011-05-06T20:15:19+00:00","dateModified":"2022-07-26T13:49:58+00:00","breadcrumb":{"@id":"https:\/\/www.zoehdesenvolvimento.com.br\/site\/coordenacao\/ercilia-silva\/#breadcrumb"},"inLanguage":"pt-BR","potentialAction":[{"@type":"ReadAction","target":["https:\/\/www.zoehdesenvolvimento.com.br\/site\/coordenacao\/ercilia-silva\/"]}]},{"@type":"ImageObject","inLanguage":"pt-BR","@id":"https:\/\/www.zoehdesenvolvimento.com.br\/site\/coordenacao\/ercilia-silva\/#primaryimage","url":"http:\/\/www.zoehdesenvolvimento.com.br\/site\/wp-content\/uploads\/2011\/05\/ercilia1-200x300.jpg","contentUrl":"http:\/\/www.zoehdesenvolvimento.com.br\/site\/wp-content\/uploads\/2011\/05\/ercilia1-200x300.jpg"},{"@type":"BreadcrumbList","@id":"https:\/\/www.zoehdesenvolvimento.com.br\/site\/coordenacao\/ercilia-silva\/#breadcrumb","itemListElement":[{"@type":"ListItem","position":1,"name":"In\u00edcio","item":"http:\/\/www.zoehdesenvolvimento.com.br\/site\/"},{"@type":"ListItem","position":2,"name":"Coordena\u00e7\u00e3o","item":"http:\/\/www.zoehdesenvolvimento.com.br\/site\/coordenacao\/"},{"@type":"ListItem","position":3,"name":"Ercilia Silva"}]},{"@type":"WebSite","@id":"http:\/\/www.zoehdesenvolvimento.com.br\/site\/#website","url":"http:\/\/www.zoehdesenvolvimento.com.br\/site\/","name":"Zoeh Desenvolvimento de Pessoas","description":"Desenvolvimento de Pessoas","publisher":{"@id":"http:\/\/www.zoehdesenvolvimento.com.br\/site\/#organization"},"potentialAction":[{"@type":"SearchAction","target":{"@type":"EntryPoint","urlTemplate":"http:\/\/www.zoehdesenvolvimento.com.br\/site\/?s={search_term_string}"},"query-input":{"@type":"PropertyValueSpecification","valueRequired":true,"valueName":"search_term_string"}}],"inLanguage":"pt-BR"},{"@type":"Organization","@id":"http:\/\/www.zoehdesenvolvimento.com.br\/site\/#organization","name":"Zoeh Desenvolvimento de Pessoas","url":"http:\/\/www.zoehdesenvolvimento.com.br\/site\/","logo":{"@type":"ImageObject","inLanguage":"pt-BR","@id":"http:\/\/www.zoehdesenvolvimento.com.br\/site\/#\/schema\/logo\/image\/","url":"https:\/\/www.zoehdesenvolvimento.com.br\/site\/wp-content\/uploads\/2015\/10\/footer_logo.png","contentUrl":"https:\/\/www.zoehdesenvolvimento.com.br\/site\/wp-content\/uploads\/2015\/10\/footer_logo.png","width":184,"height":120,"caption":"Zoeh Desenvolvimento de Pessoas"},"image":{"@id":"http:\/\/www.zoehdesenvolvimento.com.br\/site\/#\/schema\/logo\/image\/"}}]}},"jetpack_sharing_enabled":true,"_links":{"self":[{"href":"https:\/\/www.zoehdesenvolvimento.com.br\/site\/wp-json\/wp\/v2\/pages\/12","targetHints":{"allow":["GET"]}}],"collection":[{"href":"https:\/\/www.zoehdesenvolvimento.com.br\/site\/wp-json\/wp\/v2\/pages"}],"about":[{"href":"https:\/\/www.zoehdesenvolvimento.com.br\/site\/wp-json\/wp\/v2\/types\/page"}],"author":[{"embeddable":true,"href":"https:\/\/www.zoehdesenvolvimento.com.br\/site\/wp-json\/wp\/v2\/users\/1"}],"replies":[{"embeddable":true,"href":"https:\/\/www.zoehdesenvolvimento.com.br\/site\/wp-json\/wp\/v2\/comments?post=12"}],"version-history":[{"count":0,"href":"https:\/\/www.zoehdesenvolvimento.com.br\/site\/wp-json\/wp\/v2\/pages\/12\/revisions"}],"up":[{"embeddable":true,"href":"https:\/\/www.zoehdesenvolvimento.com.br\/site\/wp-json\/wp\/v2\/pages\/11"}],"wp:attachment":[{"href":"https:\/\/www.zoehdesenvolvimento.com.br\/site\/wp-json\/wp\/v2\/media?parent=12"}],"curies":[{"name":"wp","href":"https:\/\/api.w.org\/{rel}","templated":true}]}}