{"id":13,"date":"2011-05-06T20:15:31","date_gmt":"2011-05-06T20:15:31","guid":{"rendered":"http:\/\/www.zoehdesenvolvimento.com.br\/site\/"},"modified":"2011-05-06T20:15:31","modified_gmt":"2011-05-06T20:15:31","slug":"laucemir-silveira","status":"publish","type":"page","link":"https:\/\/www.zoehdesenvolvimento.com.br\/site\/coordenacao\/laucemir-silveira\/","title":{"rendered":"Laucemir Silveira"},"content":{"rendered":"<figure id=\"attachment_35\" aria-describedby=\"caption-attachment-35\" style=\"width: 200px\" class=\"wp-caption alignright\"><img loading=\"lazy\" decoding=\"async\" class=\"size-medium wp-image-35 \" title=\"Laucemir Silveira\" src=\"http:\/\/www.zoehdesenvolvimento.com.br\/site\/wp-content\/uploads\/2011\/05\/lauce-200x300.jpg\" alt=\"Laucemir Silveira\" width=\"200\" height=\"300\" \/><figcaption id=\"caption-attachment-35\" class=\"wp-caption-text\">Laucemir Silveira<\/figcaption><\/figure>\n<p>Economista e psic\u00f3loga, com mestrado em Administra\u00e7\u00e3o e Recursos Humanos pela Universidade de Extremadura \/ Espanha.<\/p>\n<p>Analista transacional Membro Certificado Organizacional pela Uni\u00e3o dos Analistas Transacionais &#8211; UNAT BRASIL e formadora de novos analistas transacionais.<\/p>\n<p>Especialista e didata em din\u00e2mica dos grupos pela Sociedade Brasileira de Din\u00e2mica dos Grupos &#8211; SBDG.<\/p>\n<p>Consultora em desenvolvimento organizacional, atrav\u00e9s de desenvolvimento interpessoal, gerencial e de equipes.<\/p>\n<p>Professora de p\u00f3s-gradua\u00e7\u00e3o.<\/p>\n","protected":false},"excerpt":{"rendered":"...","protected":false},"author":1,"featured_media":0,"parent":11,"menu_order":0,"comment_status":"closed","ping_status":"closed","template":"","meta":{"footnotes":""},"class_list":["post-13","page","type-page","status-publish","hentry"],"yoast_head":"<!-- This site is optimized with the Yoast SEO plugin v25.2 - https:\/\/yoast.com\/wordpress\/plugins\/seo\/ -->\n<title>Laucemir Silveira - Zoeh Desenvolvimento de Pessoas<\/title>\n<meta name=\"robots\" content=\"index, follow, max-snippet:-1, max-image-preview:large, max-video-preview:-1\" \/>\n<link rel=\"canonical\" href=\"https:\/\/www.zoehdesenvolvimento.com.br\/site\/coordenacao\/laucemir-silveira\/\" \/>\n<meta property=\"og:locale\" content=\"pt_BR\" \/>\n<meta property=\"og:type\" content=\"article\" \/>\n<meta property=\"og:title\" content=\"Laucemir Silveira - Zoeh Desenvolvimento de Pessoas\" \/>\n<meta property=\"og:description\" content=\"Economista e psic\u00f3loga, com mestrado em Administra\u00e7\u00e3o e Recursos Humanos pela Universidade de Extremadura \/ Espanha. Analista transacional Membro Certificado Organizacional pela Uni\u00e3o dos Analistas Transacionais &#8211; UNAT BRASIL e formadora de novos analistas transacionais. Especialista e didata em din\u00e2mica dos grupos pela Sociedade Brasileira de Din\u00e2mica dos Grupos &#8211; SBDG. Consultora em desenvolvimento organizacional, [&hellip;]\" \/>\n<meta property=\"og:url\" content=\"https:\/\/www.zoehdesenvolvimento.com.br\/site\/coordenacao\/laucemir-silveira\/\" \/>\n<meta property=\"og:site_name\" content=\"Zoeh Desenvolvimento de Pessoas\" \/>\n<meta property=\"og:image\" content=\"http:\/\/www.zoehdesenvolvimento.com.br\/site\/wp-content\/uploads\/2011\/05\/lauce-200x300.jpg\" \/>\n<meta name=\"twitter:card\" content=\"summary_large_image\" \/>\n<script type=\"application\/ld+json\" class=\"yoast-schema-graph\">{\"@context\":\"https:\/\/schema.org\",\"@graph\":[{\"@type\":\"WebPage\",\"@id\":\"https:\/\/www.zoehdesenvolvimento.com.br\/site\/coordenacao\/laucemir-silveira\/\",\"url\":\"https:\/\/www.zoehdesenvolvimento.com.br\/site\/coordenacao\/laucemir-silveira\/\",\"name\":\"Laucemir Silveira - Zoeh Desenvolvimento de Pessoas\",\"isPartOf\":{\"@id\":\"http:\/\/www.zoehdesenvolvimento.com.br\/site\/#website\"},\"primaryImageOfPage\":{\"@id\":\"https:\/\/www.zoehdesenvolvimento.com.br\/site\/coordenacao\/laucemir-silveira\/#primaryimage\"},\"image\":{\"@id\":\"https:\/\/www.zoehdesenvolvimento.com.br\/site\/coordenacao\/laucemir-silveira\/#primaryimage\"},\"thumbnailUrl\":\"http:\/\/www.zoehdesenvolvimento.com.br\/site\/wp-content\/uploads\/2011\/05\/lauce-200x300.jpg\",\"datePublished\":\"2011-05-06T20:15:31+00:00\",\"breadcrumb\":{\"@id\":\"https:\/\/www.zoehdesenvolvimento.com.br\/site\/coordenacao\/laucemir-silveira\/#breadcrumb\"},\"inLanguage\":\"pt-BR\",\"potentialAction\":[{\"@type\":\"ReadAction\",\"target\":[\"https:\/\/www.zoehdesenvolvimento.com.br\/site\/coordenacao\/laucemir-silveira\/\"]}]},{\"@type\":\"ImageObject\",\"inLanguage\":\"pt-BR\",\"@id\":\"https:\/\/www.zoehdesenvolvimento.com.br\/site\/coordenacao\/laucemir-silveira\/#primaryimage\",\"url\":\"http:\/\/www.zoehdesenvolvimento.com.br\/site\/wp-content\/uploads\/2011\/05\/lauce-200x300.jpg\",\"contentUrl\":\"http:\/\/www.zoehdesenvolvimento.com.br\/site\/wp-content\/uploads\/2011\/05\/lauce-200x300.jpg\"},{\"@type\":\"BreadcrumbList\",\"@id\":\"https:\/\/www.zoehdesenvolvimento.com.br\/site\/coordenacao\/laucemir-silveira\/#breadcrumb\",\"itemListElement\":[{\"@type\":\"ListItem\",\"position\":1,\"name\":\"In\u00edcio\",\"item\":\"http:\/\/www.zoehdesenvolvimento.com.br\/site\/\"},{\"@type\":\"ListItem\",\"position\":2,\"name\":\"Coordena\u00e7\u00e3o\",\"item\":\"http:\/\/www.zoehdesenvolvimento.com.br\/site\/coordenacao\/\"},{\"@type\":\"ListItem\",\"position\":3,\"name\":\"Laucemir Silveira\"}]},{\"@type\":\"WebSite\",\"@id\":\"http:\/\/www.zoehdesenvolvimento.com.br\/site\/#website\",\"url\":\"http:\/\/www.zoehdesenvolvimento.com.br\/site\/\",\"name\":\"Zoeh Desenvolvimento de Pessoas\",\"description\":\"Desenvolvimento de Pessoas\",\"publisher\":{\"@id\":\"http:\/\/www.zoehdesenvolvimento.com.br\/site\/#organization\"},\"potentialAction\":[{\"@type\":\"SearchAction\",\"target\":{\"@type\":\"EntryPoint\",\"urlTemplate\":\"http:\/\/www.zoehdesenvolvimento.com.br\/site\/?s={search_term_string}\"},\"query-input\":{\"@type\":\"PropertyValueSpecification\",\"valueRequired\":true,\"valueName\":\"search_term_string\"}}],\"inLanguage\":\"pt-BR\"},{\"@type\":\"Organization\",\"@id\":\"http:\/\/www.zoehdesenvolvimento.com.br\/site\/#organization\",\"name\":\"Zoeh Desenvolvimento de Pessoas\",\"url\":\"http:\/\/www.zoehdesenvolvimento.com.br\/site\/\",\"logo\":{\"@type\":\"ImageObject\",\"inLanguage\":\"pt-BR\",\"@id\":\"http:\/\/www.zoehdesenvolvimento.com.br\/site\/#\/schema\/logo\/image\/\",\"url\":\"https:\/\/www.zoehdesenvolvimento.com.br\/site\/wp-content\/uploads\/2015\/10\/footer_logo.png\",\"contentUrl\":\"https:\/\/www.zoehdesenvolvimento.com.br\/site\/wp-content\/uploads\/2015\/10\/footer_logo.png\",\"width\":184,\"height\":120,\"caption\":\"Zoeh Desenvolvimento de Pessoas\"},\"image\":{\"@id\":\"http:\/\/www.zoehdesenvolvimento.com.br\/site\/#\/schema\/logo\/image\/\"}}]}<\/script>\n<!-- \/ Yoast SEO plugin. -->","yoast_head_json":{"title":"Laucemir Silveira - Zoeh Desenvolvimento de Pessoas","robots":{"index":"index","follow":"follow","max-snippet":"max-snippet:-1","max-image-preview":"max-image-preview:large","max-video-preview":"max-video-preview:-1"},"canonical":"https:\/\/www.zoehdesenvolvimento.com.br\/site\/coordenacao\/laucemir-silveira\/","og_locale":"pt_BR","og_type":"article","og_title":"Laucemir Silveira - Zoeh Desenvolvimento de Pessoas","og_description":"Economista e psic\u00f3loga, com mestrado em Administra\u00e7\u00e3o e Recursos Humanos pela Universidade de Extremadura \/ Espanha. Analista transacional Membro Certificado Organizacional pela Uni\u00e3o dos Analistas Transacionais &#8211; UNAT BRASIL e formadora de novos analistas transacionais. Especialista e didata em din\u00e2mica dos grupos pela Sociedade Brasileira de Din\u00e2mica dos Grupos &#8211; SBDG. Consultora em desenvolvimento organizacional, [&hellip;]","og_url":"https:\/\/www.zoehdesenvolvimento.com.br\/site\/coordenacao\/laucemir-silveira\/","og_site_name":"Zoeh Desenvolvimento de Pessoas","og_image":[{"url":"http:\/\/www.zoehdesenvolvimento.com.br\/site\/wp-content\/uploads\/2011\/05\/lauce-200x300.jpg","type":"","width":"","height":""}],"twitter_card":"summary_large_image","schema":{"@context":"https:\/\/schema.org","@graph":[{"@type":"WebPage","@id":"https:\/\/www.zoehdesenvolvimento.com.br\/site\/coordenacao\/laucemir-silveira\/","url":"https:\/\/www.zoehdesenvolvimento.com.br\/site\/coordenacao\/laucemir-silveira\/","name":"Laucemir Silveira - Zoeh Desenvolvimento de Pessoas","isPartOf":{"@id":"http:\/\/www.zoehdesenvolvimento.com.br\/site\/#website"},"primaryImageOfPage":{"@id":"https:\/\/www.zoehdesenvolvimento.com.br\/site\/coordenacao\/laucemir-silveira\/#primaryimage"},"image":{"@id":"https:\/\/www.zoehdesenvolvimento.com.br\/site\/coordenacao\/laucemir-silveira\/#primaryimage"},"thumbnailUrl":"http:\/\/www.zoehdesenvolvimento.com.br\/site\/wp-content\/uploads\/2011\/05\/lauce-200x300.jpg","datePublished":"2011-05-06T20:15:31+00:00","breadcrumb":{"@id":"https:\/\/www.zoehdesenvolvimento.com.br\/site\/coordenacao\/laucemir-silveira\/#breadcrumb"},"inLanguage":"pt-BR","potentialAction":[{"@type":"ReadAction","target":["https:\/\/www.zoehdesenvolvimento.com.br\/site\/coordenacao\/laucemir-silveira\/"]}]},{"@type":"ImageObject","inLanguage":"pt-BR","@id":"https:\/\/www.zoehdesenvolvimento.com.br\/site\/coordenacao\/laucemir-silveira\/#primaryimage","url":"http:\/\/www.zoehdesenvolvimento.com.br\/site\/wp-content\/uploads\/2011\/05\/lauce-200x300.jpg","contentUrl":"http:\/\/www.zoehdesenvolvimento.com.br\/site\/wp-content\/uploads\/2011\/05\/lauce-200x300.jpg"},{"@type":"BreadcrumbList","@id":"https:\/\/www.zoehdesenvolvimento.com.br\/site\/coordenacao\/laucemir-silveira\/#breadcrumb","itemListElement":[{"@type":"ListItem","position":1,"name":"In\u00edcio","item":"http:\/\/www.zoehdesenvolvimento.com.br\/site\/"},{"@type":"ListItem","position":2,"name":"Coordena\u00e7\u00e3o","item":"http:\/\/www.zoehdesenvolvimento.com.br\/site\/coordenacao\/"},{"@type":"ListItem","position":3,"name":"Laucemir Silveira"}]},{"@type":"WebSite","@id":"http:\/\/www.zoehdesenvolvimento.com.br\/site\/#website","url":"http:\/\/www.zoehdesenvolvimento.com.br\/site\/","name":"Zoeh Desenvolvimento de Pessoas","description":"Desenvolvimento de Pessoas","publisher":{"@id":"http:\/\/www.zoehdesenvolvimento.com.br\/site\/#organization"},"potentialAction":[{"@type":"SearchAction","target":{"@type":"EntryPoint","urlTemplate":"http:\/\/www.zoehdesenvolvimento.com.br\/site\/?s={search_term_string}"},"query-input":{"@type":"PropertyValueSpecification","valueRequired":true,"valueName":"search_term_string"}}],"inLanguage":"pt-BR"},{"@type":"Organization","@id":"http:\/\/www.zoehdesenvolvimento.com.br\/site\/#organization","name":"Zoeh Desenvolvimento de Pessoas","url":"http:\/\/www.zoehdesenvolvimento.com.br\/site\/","logo":{"@type":"ImageObject","inLanguage":"pt-BR","@id":"http:\/\/www.zoehdesenvolvimento.com.br\/site\/#\/schema\/logo\/image\/","url":"https:\/\/www.zoehdesenvolvimento.com.br\/site\/wp-content\/uploads\/2015\/10\/footer_logo.png","contentUrl":"https:\/\/www.zoehdesenvolvimento.com.br\/site\/wp-content\/uploads\/2015\/10\/footer_logo.png","width":184,"height":120,"caption":"Zoeh Desenvolvimento de Pessoas"},"image":{"@id":"http:\/\/www.zoehdesenvolvimento.com.br\/site\/#\/schema\/logo\/image\/"}}]}},"jetpack_sharing_enabled":true,"_links":{"self":[{"href":"https:\/\/www.zoehdesenvolvimento.com.br\/site\/wp-json\/wp\/v2\/pages\/13","targetHints":{"allow":["GET"]}}],"collection":[{"href":"https:\/\/www.zoehdesenvolvimento.com.br\/site\/wp-json\/wp\/v2\/pages"}],"about":[{"href":"https:\/\/www.zoehdesenvolvimento.com.br\/site\/wp-json\/wp\/v2\/types\/page"}],"author":[{"embeddable":true,"href":"https:\/\/www.zoehdesenvolvimento.com.br\/site\/wp-json\/wp\/v2\/users\/1"}],"replies":[{"embeddable":true,"href":"https:\/\/www.zoehdesenvolvimento.com.br\/site\/wp-json\/wp\/v2\/comments?post=13"}],"version-history":[{"count":0,"href":"https:\/\/www.zoehdesenvolvimento.com.br\/site\/wp-json\/wp\/v2\/pages\/13\/revisions"}],"up":[{"embeddable":true,"href":"https:\/\/www.zoehdesenvolvimento.com.br\/site\/wp-json\/wp\/v2\/pages\/11"}],"wp:attachment":[{"href":"https:\/\/www.zoehdesenvolvimento.com.br\/site\/wp-json\/wp\/v2\/media?parent=13"}],"curies":[{"name":"wp","href":"https:\/\/api.w.org\/{rel}","templated":true}]}}