{"id":40,"date":"2011-05-11T19:38:17","date_gmt":"2011-05-11T19:38:17","guid":{"rendered":"http:\/\/www.zoehdesenvolvimento.com.br\/site\/"},"modified":"2015-10-15T02:46:51","modified_gmt":"2015-10-15T02:46:51","slug":"desenvolvimento-gerencial-e-de-lideranca","status":"publish","type":"page","link":"https:\/\/www.zoehdesenvolvimento.com.br\/site\/servicos\/desenvolvimento-gerencial-e-de-lideranca\/","title":{"rendered":"Desenvolvimento Gerencial e de Lideran\u00e7as"},"content":{"rendered":"<p>Servi\u00e7o destinado ao desenvolvimento de compet\u00eancias para gest\u00e3o e lideran\u00e7a.<\/p>\n<p>Alguns dos temas poss\u00edveis de serem abordados:<\/p>\n<ul>\n<li>Papel e fun\u00e7\u00f5es gerenciais<\/li>\n<li>Compet\u00eancia interpessoal e comunica\u00e7\u00e3o<\/li>\n<li>Gest\u00e3o de mudan\u00e7as, conflitos e solu\u00e7\u00e3o de problemas<\/li>\n<li>Negocia\u00e7\u00e3o<\/li>\n<li>Gest\u00e3o das pessoas<\/li>\n<li>Gest\u00e3o do Tempo<\/li>\n<\/ul>\n<p>Outros temas demandados pelo cliente.<\/p>\n<p>Modalidades: turmas abertas ao p\u00fablico ou <em>in company<\/em><\/p>\n","protected":false},"excerpt":{"rendered":"...","protected":false},"author":1,"featured_media":0,"parent":471,"menu_order":0,"comment_status":"closed","ping_status":"closed","template":"","meta":{"footnotes":""},"class_list":["post-40","page","type-page","status-publish","hentry"],"yoast_head":"<!-- This site is optimized with the Yoast SEO plugin v25.2 - https:\/\/yoast.com\/wordpress\/plugins\/seo\/ -->\n<title>Desenvolvimento Gerencial e de Lideran\u00e7as - Zoeh Desenvolvimento de Pessoas<\/title>\n<meta name=\"robots\" content=\"index, follow, max-snippet:-1, max-image-preview:large, max-video-preview:-1\" \/>\n<link rel=\"canonical\" href=\"http:\/\/www.zoehdesenvolvimento.com.br\/site\/servicos\/desenvolvimento-gerencial-e-de-lideranca\/\" \/>\n<meta property=\"og:locale\" content=\"pt_BR\" \/>\n<meta property=\"og:type\" content=\"article\" \/>\n<meta property=\"og:title\" content=\"Desenvolvimento Gerencial e de Lideran\u00e7as - Zoeh Desenvolvimento de Pessoas\" \/>\n<meta property=\"og:description\" content=\"Servi\u00e7o destinado ao desenvolvimento de compet\u00eancias para gest\u00e3o e lideran\u00e7a. Alguns dos temas poss\u00edveis de serem abordados: Papel e fun\u00e7\u00f5es gerenciais Compet\u00eancia interpessoal e comunica\u00e7\u00e3o Gest\u00e3o de mudan\u00e7as, conflitos e solu\u00e7\u00e3o de problemas Negocia\u00e7\u00e3o Gest\u00e3o das pessoas Gest\u00e3o do Tempo Outros temas demandados pelo cliente. Modalidades: turmas abertas ao p\u00fablico ou in company\" \/>\n<meta property=\"og:url\" content=\"http:\/\/www.zoehdesenvolvimento.com.br\/site\/servicos\/desenvolvimento-gerencial-e-de-lideranca\/\" \/>\n<meta property=\"og:site_name\" content=\"Zoeh Desenvolvimento de Pessoas\" \/>\n<meta property=\"article:modified_time\" content=\"2015-10-15T02:46:51+00:00\" \/>\n<meta name=\"twitter:card\" content=\"summary_large_image\" \/>\n<script type=\"application\/ld+json\" class=\"yoast-schema-graph\">{\"@context\":\"https:\/\/schema.org\",\"@graph\":[{\"@type\":\"WebPage\",\"@id\":\"http:\/\/www.zoehdesenvolvimento.com.br\/site\/servicos\/desenvolvimento-gerencial-e-de-lideranca\/\",\"url\":\"http:\/\/www.zoehdesenvolvimento.com.br\/site\/servicos\/desenvolvimento-gerencial-e-de-lideranca\/\",\"name\":\"Desenvolvimento Gerencial e de Lideran\u00e7as - Zoeh Desenvolvimento de Pessoas\",\"isPartOf\":{\"@id\":\"http:\/\/www.zoehdesenvolvimento.com.br\/site\/#website\"},\"datePublished\":\"2011-05-11T19:38:17+00:00\",\"dateModified\":\"2015-10-15T02:46:51+00:00\",\"breadcrumb\":{\"@id\":\"http:\/\/www.zoehdesenvolvimento.com.br\/site\/servicos\/desenvolvimento-gerencial-e-de-lideranca\/#breadcrumb\"},\"inLanguage\":\"pt-BR\",\"potentialAction\":[{\"@type\":\"ReadAction\",\"target\":[\"http:\/\/www.zoehdesenvolvimento.com.br\/site\/servicos\/desenvolvimento-gerencial-e-de-lideranca\/\"]}]},{\"@type\":\"BreadcrumbList\",\"@id\":\"http:\/\/www.zoehdesenvolvimento.com.br\/site\/servicos\/desenvolvimento-gerencial-e-de-lideranca\/#breadcrumb\",\"itemListElement\":[{\"@type\":\"ListItem\",\"position\":1,\"name\":\"In\u00edcio\",\"item\":\"http:\/\/www.zoehdesenvolvimento.com.br\/site\/\"},{\"@type\":\"ListItem\",\"position\":2,\"name\":\"Servi\u00e7os\",\"item\":\"http:\/\/www.zoehdesenvolvimento.com.br\/site\/servicos\/\"},{\"@type\":\"ListItem\",\"position\":3,\"name\":\"Desenvolvimento Gerencial e de Lideran\u00e7as\"}]},{\"@type\":\"WebSite\",\"@id\":\"http:\/\/www.zoehdesenvolvimento.com.br\/site\/#website\",\"url\":\"http:\/\/www.zoehdesenvolvimento.com.br\/site\/\",\"name\":\"Zoeh Desenvolvimento de Pessoas\",\"description\":\"Desenvolvimento de Pessoas\",\"publisher\":{\"@id\":\"http:\/\/www.zoehdesenvolvimento.com.br\/site\/#organization\"},\"potentialAction\":[{\"@type\":\"SearchAction\",\"target\":{\"@type\":\"EntryPoint\",\"urlTemplate\":\"http:\/\/www.zoehdesenvolvimento.com.br\/site\/?s={search_term_string}\"},\"query-input\":{\"@type\":\"PropertyValueSpecification\",\"valueRequired\":true,\"valueName\":\"search_term_string\"}}],\"inLanguage\":\"pt-BR\"},{\"@type\":\"Organization\",\"@id\":\"http:\/\/www.zoehdesenvolvimento.com.br\/site\/#organization\",\"name\":\"Zoeh Desenvolvimento de Pessoas\",\"url\":\"http:\/\/www.zoehdesenvolvimento.com.br\/site\/\",\"logo\":{\"@type\":\"ImageObject\",\"inLanguage\":\"pt-BR\",\"@id\":\"http:\/\/www.zoehdesenvolvimento.com.br\/site\/#\/schema\/logo\/image\/\",\"url\":\"https:\/\/www.zoehdesenvolvimento.com.br\/site\/wp-content\/uploads\/2015\/10\/footer_logo.png\",\"contentUrl\":\"https:\/\/www.zoehdesenvolvimento.com.br\/site\/wp-content\/uploads\/2015\/10\/footer_logo.png\",\"width\":184,\"height\":120,\"caption\":\"Zoeh Desenvolvimento de Pessoas\"},\"image\":{\"@id\":\"http:\/\/www.zoehdesenvolvimento.com.br\/site\/#\/schema\/logo\/image\/\"}}]}<\/script>\n<!-- \/ Yoast SEO plugin. -->","yoast_head_json":{"title":"Desenvolvimento Gerencial e de Lideran\u00e7as - Zoeh Desenvolvimento de Pessoas","robots":{"index":"index","follow":"follow","max-snippet":"max-snippet:-1","max-image-preview":"max-image-preview:large","max-video-preview":"max-video-preview:-1"},"canonical":"http:\/\/www.zoehdesenvolvimento.com.br\/site\/servicos\/desenvolvimento-gerencial-e-de-lideranca\/","og_locale":"pt_BR","og_type":"article","og_title":"Desenvolvimento Gerencial e de Lideran\u00e7as - Zoeh Desenvolvimento de Pessoas","og_description":"Servi\u00e7o destinado ao desenvolvimento de compet\u00eancias para gest\u00e3o e lideran\u00e7a. Alguns dos temas poss\u00edveis de serem abordados: Papel e fun\u00e7\u00f5es gerenciais Compet\u00eancia interpessoal e comunica\u00e7\u00e3o Gest\u00e3o de mudan\u00e7as, conflitos e solu\u00e7\u00e3o de problemas Negocia\u00e7\u00e3o Gest\u00e3o das pessoas Gest\u00e3o do Tempo Outros temas demandados pelo cliente. Modalidades: turmas abertas ao p\u00fablico ou in company","og_url":"http:\/\/www.zoehdesenvolvimento.com.br\/site\/servicos\/desenvolvimento-gerencial-e-de-lideranca\/","og_site_name":"Zoeh Desenvolvimento de Pessoas","article_modified_time":"2015-10-15T02:46:51+00:00","twitter_card":"summary_large_image","schema":{"@context":"https:\/\/schema.org","@graph":[{"@type":"WebPage","@id":"http:\/\/www.zoehdesenvolvimento.com.br\/site\/servicos\/desenvolvimento-gerencial-e-de-lideranca\/","url":"http:\/\/www.zoehdesenvolvimento.com.br\/site\/servicos\/desenvolvimento-gerencial-e-de-lideranca\/","name":"Desenvolvimento Gerencial e de Lideran\u00e7as - Zoeh Desenvolvimento de Pessoas","isPartOf":{"@id":"http:\/\/www.zoehdesenvolvimento.com.br\/site\/#website"},"datePublished":"2011-05-11T19:38:17+00:00","dateModified":"2015-10-15T02:46:51+00:00","breadcrumb":{"@id":"http:\/\/www.zoehdesenvolvimento.com.br\/site\/servicos\/desenvolvimento-gerencial-e-de-lideranca\/#breadcrumb"},"inLanguage":"pt-BR","potentialAction":[{"@type":"ReadAction","target":["http:\/\/www.zoehdesenvolvimento.com.br\/site\/servicos\/desenvolvimento-gerencial-e-de-lideranca\/"]}]},{"@type":"BreadcrumbList","@id":"http:\/\/www.zoehdesenvolvimento.com.br\/site\/servicos\/desenvolvimento-gerencial-e-de-lideranca\/#breadcrumb","itemListElement":[{"@type":"ListItem","position":1,"name":"In\u00edcio","item":"http:\/\/www.zoehdesenvolvimento.com.br\/site\/"},{"@type":"ListItem","position":2,"name":"Servi\u00e7os","item":"http:\/\/www.zoehdesenvolvimento.com.br\/site\/servicos\/"},{"@type":"ListItem","position":3,"name":"Desenvolvimento Gerencial e de Lideran\u00e7as"}]},{"@type":"WebSite","@id":"http:\/\/www.zoehdesenvolvimento.com.br\/site\/#website","url":"http:\/\/www.zoehdesenvolvimento.com.br\/site\/","name":"Zoeh Desenvolvimento de Pessoas","description":"Desenvolvimento de Pessoas","publisher":{"@id":"http:\/\/www.zoehdesenvolvimento.com.br\/site\/#organization"},"potentialAction":[{"@type":"SearchAction","target":{"@type":"EntryPoint","urlTemplate":"http:\/\/www.zoehdesenvolvimento.com.br\/site\/?s={search_term_string}"},"query-input":{"@type":"PropertyValueSpecification","valueRequired":true,"valueName":"search_term_string"}}],"inLanguage":"pt-BR"},{"@type":"Organization","@id":"http:\/\/www.zoehdesenvolvimento.com.br\/site\/#organization","name":"Zoeh Desenvolvimento de Pessoas","url":"http:\/\/www.zoehdesenvolvimento.com.br\/site\/","logo":{"@type":"ImageObject","inLanguage":"pt-BR","@id":"http:\/\/www.zoehdesenvolvimento.com.br\/site\/#\/schema\/logo\/image\/","url":"https:\/\/www.zoehdesenvolvimento.com.br\/site\/wp-content\/uploads\/2015\/10\/footer_logo.png","contentUrl":"https:\/\/www.zoehdesenvolvimento.com.br\/site\/wp-content\/uploads\/2015\/10\/footer_logo.png","width":184,"height":120,"caption":"Zoeh Desenvolvimento de Pessoas"},"image":{"@id":"http:\/\/www.zoehdesenvolvimento.com.br\/site\/#\/schema\/logo\/image\/"}}]}},"jetpack_sharing_enabled":true,"_links":{"self":[{"href":"https:\/\/www.zoehdesenvolvimento.com.br\/site\/wp-json\/wp\/v2\/pages\/40","targetHints":{"allow":["GET"]}}],"collection":[{"href":"https:\/\/www.zoehdesenvolvimento.com.br\/site\/wp-json\/wp\/v2\/pages"}],"about":[{"href":"https:\/\/www.zoehdesenvolvimento.com.br\/site\/wp-json\/wp\/v2\/types\/page"}],"author":[{"embeddable":true,"href":"https:\/\/www.zoehdesenvolvimento.com.br\/site\/wp-json\/wp\/v2\/users\/1"}],"replies":[{"embeddable":true,"href":"https:\/\/www.zoehdesenvolvimento.com.br\/site\/wp-json\/wp\/v2\/comments?post=40"}],"version-history":[{"count":0,"href":"https:\/\/www.zoehdesenvolvimento.com.br\/site\/wp-json\/wp\/v2\/pages\/40\/revisions"}],"up":[{"embeddable":true,"href":"https:\/\/www.zoehdesenvolvimento.com.br\/site\/wp-json\/wp\/v2\/pages\/471"}],"wp:attachment":[{"href":"https:\/\/www.zoehdesenvolvimento.com.br\/site\/wp-json\/wp\/v2\/media?parent=40"}],"curies":[{"name":"wp","href":"https:\/\/api.w.org\/{rel}","templated":true}]}}