{"id":43,"date":"2011-05-11T19:49:21","date_gmt":"2011-05-11T19:49:21","guid":{"rendered":"http:\/\/www.zoehdesenvolvimento.com.br\/site\/"},"modified":"2011-05-11T19:49:21","modified_gmt":"2011-05-11T19:49:21","slug":"programas-de-capacitacao-ou-formacao","status":"publish","type":"page","link":"https:\/\/www.zoehdesenvolvimento.com.br\/site\/servicos\/programas-de-capacitacao-ou-formacao\/","title":{"rendered":"Programas de Capacita\u00e7\u00e3o ou Forma\u00e7\u00e3o"},"content":{"rendered":"<p>S\u00e3o programas destinados ao desenvolvimento espec\u00edfico para atua\u00e7\u00e3o nos pap\u00e9is de consultor ou facilitador de programas de aprendizagem.<\/p>\n<p>.<\/p>\n<h3>Capacita\u00e7\u00e3o de Consultores<\/h3>\n<p>Estimula o desenvolvimento de compet\u00eancias essenciais, t\u00e9cnicas e relacionais, para o manejo da interven\u00e7\u00e3o de consultoria, com a respectiva instrumentaliza\u00e7\u00e3o te\u00f3rica sobre o processo de consultoria em organiza\u00e7\u00f5es.<\/p>\n<h3>Capacita\u00e7\u00e3o de Facilitadores de Programas de Aprendizagem<\/h3>\n<p>Estimula o desenvolvimento de compet\u00eancias para o levantamento adequado de demandas e proposi\u00e7\u00e3o de programas que as atendam, abordando as din\u00e2micas do processo de aprendizagem e do manejo do grupo de participantes, bem como aspectos objetivos (contratuais) e subjetivos da rela\u00e7\u00e3o com o contratante.<\/p>\n<p>Modalidades: turmas abertas ao p\u00fablico ou <em>in company<\/em><\/p>\n","protected":false},"excerpt":{"rendered":"...","protected":false},"author":1,"featured_media":0,"parent":471,"menu_order":3,"comment_status":"closed","ping_status":"closed","template":"","meta":{"footnotes":""},"class_list":["post-43","page","type-page","status-publish","hentry"],"yoast_head":"<!-- This site is optimized with the Yoast SEO plugin v25.2 - https:\/\/yoast.com\/wordpress\/plugins\/seo\/ -->\n<title>Programas de Capacita\u00e7\u00e3o ou Forma\u00e7\u00e3o - Zoeh Desenvolvimento de Pessoas<\/title>\n<meta name=\"robots\" content=\"index, follow, max-snippet:-1, max-image-preview:large, max-video-preview:-1\" \/>\n<link rel=\"canonical\" href=\"http:\/\/www.zoehdesenvolvimento.com.br\/site\/servicos\/programas-de-capacitacao-ou-formacao\/\" \/>\n<meta property=\"og:locale\" content=\"pt_BR\" \/>\n<meta property=\"og:type\" content=\"article\" \/>\n<meta property=\"og:title\" content=\"Programas de Capacita\u00e7\u00e3o ou Forma\u00e7\u00e3o - Zoeh Desenvolvimento de Pessoas\" \/>\n<meta property=\"og:description\" content=\"S\u00e3o programas destinados ao desenvolvimento espec\u00edfico para atua\u00e7\u00e3o nos pap\u00e9is de consultor ou facilitador de programas de aprendizagem. . Capacita\u00e7\u00e3o de Consultores Estimula o desenvolvimento de compet\u00eancias essenciais, t\u00e9cnicas e relacionais, para o manejo da interven\u00e7\u00e3o de consultoria, com a respectiva instrumentaliza\u00e7\u00e3o te\u00f3rica sobre o processo de consultoria em organiza\u00e7\u00f5es. Capacita\u00e7\u00e3o de Facilitadores de Programas [&hellip;]\" \/>\n<meta property=\"og:url\" content=\"http:\/\/www.zoehdesenvolvimento.com.br\/site\/servicos\/programas-de-capacitacao-ou-formacao\/\" \/>\n<meta property=\"og:site_name\" content=\"Zoeh Desenvolvimento de Pessoas\" \/>\n<meta name=\"twitter:card\" content=\"summary_large_image\" \/>\n<meta name=\"twitter:label1\" content=\"Est. tempo de leitura\" \/>\n\t<meta name=\"twitter:data1\" content=\"1 minuto\" \/>\n<script type=\"application\/ld+json\" class=\"yoast-schema-graph\">{\"@context\":\"https:\/\/schema.org\",\"@graph\":[{\"@type\":\"WebPage\",\"@id\":\"http:\/\/www.zoehdesenvolvimento.com.br\/site\/servicos\/programas-de-capacitacao-ou-formacao\/\",\"url\":\"http:\/\/www.zoehdesenvolvimento.com.br\/site\/servicos\/programas-de-capacitacao-ou-formacao\/\",\"name\":\"Programas de Capacita\u00e7\u00e3o ou Forma\u00e7\u00e3o - Zoeh Desenvolvimento de Pessoas\",\"isPartOf\":{\"@id\":\"http:\/\/www.zoehdesenvolvimento.com.br\/site\/#website\"},\"datePublished\":\"2011-05-11T19:49:21+00:00\",\"breadcrumb\":{\"@id\":\"http:\/\/www.zoehdesenvolvimento.com.br\/site\/servicos\/programas-de-capacitacao-ou-formacao\/#breadcrumb\"},\"inLanguage\":\"pt-BR\",\"potentialAction\":[{\"@type\":\"ReadAction\",\"target\":[\"http:\/\/www.zoehdesenvolvimento.com.br\/site\/servicos\/programas-de-capacitacao-ou-formacao\/\"]}]},{\"@type\":\"BreadcrumbList\",\"@id\":\"http:\/\/www.zoehdesenvolvimento.com.br\/site\/servicos\/programas-de-capacitacao-ou-formacao\/#breadcrumb\",\"itemListElement\":[{\"@type\":\"ListItem\",\"position\":1,\"name\":\"In\u00edcio\",\"item\":\"http:\/\/www.zoehdesenvolvimento.com.br\/site\/\"},{\"@type\":\"ListItem\",\"position\":2,\"name\":\"Servi\u00e7os\",\"item\":\"http:\/\/www.zoehdesenvolvimento.com.br\/site\/servicos\/\"},{\"@type\":\"ListItem\",\"position\":3,\"name\":\"Programas de Capacita\u00e7\u00e3o ou Forma\u00e7\u00e3o\"}]},{\"@type\":\"WebSite\",\"@id\":\"http:\/\/www.zoehdesenvolvimento.com.br\/site\/#website\",\"url\":\"http:\/\/www.zoehdesenvolvimento.com.br\/site\/\",\"name\":\"Zoeh Desenvolvimento de Pessoas\",\"description\":\"Desenvolvimento de Pessoas\",\"publisher\":{\"@id\":\"http:\/\/www.zoehdesenvolvimento.com.br\/site\/#organization\"},\"potentialAction\":[{\"@type\":\"SearchAction\",\"target\":{\"@type\":\"EntryPoint\",\"urlTemplate\":\"http:\/\/www.zoehdesenvolvimento.com.br\/site\/?s={search_term_string}\"},\"query-input\":{\"@type\":\"PropertyValueSpecification\",\"valueRequired\":true,\"valueName\":\"search_term_string\"}}],\"inLanguage\":\"pt-BR\"},{\"@type\":\"Organization\",\"@id\":\"http:\/\/www.zoehdesenvolvimento.com.br\/site\/#organization\",\"name\":\"Zoeh Desenvolvimento de Pessoas\",\"url\":\"http:\/\/www.zoehdesenvolvimento.com.br\/site\/\",\"logo\":{\"@type\":\"ImageObject\",\"inLanguage\":\"pt-BR\",\"@id\":\"http:\/\/www.zoehdesenvolvimento.com.br\/site\/#\/schema\/logo\/image\/\",\"url\":\"https:\/\/www.zoehdesenvolvimento.com.br\/site\/wp-content\/uploads\/2015\/10\/footer_logo.png\",\"contentUrl\":\"https:\/\/www.zoehdesenvolvimento.com.br\/site\/wp-content\/uploads\/2015\/10\/footer_logo.png\",\"width\":184,\"height\":120,\"caption\":\"Zoeh Desenvolvimento de Pessoas\"},\"image\":{\"@id\":\"http:\/\/www.zoehdesenvolvimento.com.br\/site\/#\/schema\/logo\/image\/\"}}]}<\/script>\n<!-- \/ Yoast SEO plugin. -->","yoast_head_json":{"title":"Programas de Capacita\u00e7\u00e3o ou Forma\u00e7\u00e3o - Zoeh Desenvolvimento de Pessoas","robots":{"index":"index","follow":"follow","max-snippet":"max-snippet:-1","max-image-preview":"max-image-preview:large","max-video-preview":"max-video-preview:-1"},"canonical":"http:\/\/www.zoehdesenvolvimento.com.br\/site\/servicos\/programas-de-capacitacao-ou-formacao\/","og_locale":"pt_BR","og_type":"article","og_title":"Programas de Capacita\u00e7\u00e3o ou Forma\u00e7\u00e3o - Zoeh Desenvolvimento de Pessoas","og_description":"S\u00e3o programas destinados ao desenvolvimento espec\u00edfico para atua\u00e7\u00e3o nos pap\u00e9is de consultor ou facilitador de programas de aprendizagem. . Capacita\u00e7\u00e3o de Consultores Estimula o desenvolvimento de compet\u00eancias essenciais, t\u00e9cnicas e relacionais, para o manejo da interven\u00e7\u00e3o de consultoria, com a respectiva instrumentaliza\u00e7\u00e3o te\u00f3rica sobre o processo de consultoria em organiza\u00e7\u00f5es. Capacita\u00e7\u00e3o de Facilitadores de Programas [&hellip;]","og_url":"http:\/\/www.zoehdesenvolvimento.com.br\/site\/servicos\/programas-de-capacitacao-ou-formacao\/","og_site_name":"Zoeh Desenvolvimento de Pessoas","twitter_card":"summary_large_image","twitter_misc":{"Est. tempo de leitura":"1 minuto"},"schema":{"@context":"https:\/\/schema.org","@graph":[{"@type":"WebPage","@id":"http:\/\/www.zoehdesenvolvimento.com.br\/site\/servicos\/programas-de-capacitacao-ou-formacao\/","url":"http:\/\/www.zoehdesenvolvimento.com.br\/site\/servicos\/programas-de-capacitacao-ou-formacao\/","name":"Programas de Capacita\u00e7\u00e3o ou Forma\u00e7\u00e3o - Zoeh Desenvolvimento de Pessoas","isPartOf":{"@id":"http:\/\/www.zoehdesenvolvimento.com.br\/site\/#website"},"datePublished":"2011-05-11T19:49:21+00:00","breadcrumb":{"@id":"http:\/\/www.zoehdesenvolvimento.com.br\/site\/servicos\/programas-de-capacitacao-ou-formacao\/#breadcrumb"},"inLanguage":"pt-BR","potentialAction":[{"@type":"ReadAction","target":["http:\/\/www.zoehdesenvolvimento.com.br\/site\/servicos\/programas-de-capacitacao-ou-formacao\/"]}]},{"@type":"BreadcrumbList","@id":"http:\/\/www.zoehdesenvolvimento.com.br\/site\/servicos\/programas-de-capacitacao-ou-formacao\/#breadcrumb","itemListElement":[{"@type":"ListItem","position":1,"name":"In\u00edcio","item":"http:\/\/www.zoehdesenvolvimento.com.br\/site\/"},{"@type":"ListItem","position":2,"name":"Servi\u00e7os","item":"http:\/\/www.zoehdesenvolvimento.com.br\/site\/servicos\/"},{"@type":"ListItem","position":3,"name":"Programas de Capacita\u00e7\u00e3o ou Forma\u00e7\u00e3o"}]},{"@type":"WebSite","@id":"http:\/\/www.zoehdesenvolvimento.com.br\/site\/#website","url":"http:\/\/www.zoehdesenvolvimento.com.br\/site\/","name":"Zoeh Desenvolvimento de Pessoas","description":"Desenvolvimento de Pessoas","publisher":{"@id":"http:\/\/www.zoehdesenvolvimento.com.br\/site\/#organization"},"potentialAction":[{"@type":"SearchAction","target":{"@type":"EntryPoint","urlTemplate":"http:\/\/www.zoehdesenvolvimento.com.br\/site\/?s={search_term_string}"},"query-input":{"@type":"PropertyValueSpecification","valueRequired":true,"valueName":"search_term_string"}}],"inLanguage":"pt-BR"},{"@type":"Organization","@id":"http:\/\/www.zoehdesenvolvimento.com.br\/site\/#organization","name":"Zoeh Desenvolvimento de Pessoas","url":"http:\/\/www.zoehdesenvolvimento.com.br\/site\/","logo":{"@type":"ImageObject","inLanguage":"pt-BR","@id":"http:\/\/www.zoehdesenvolvimento.com.br\/site\/#\/schema\/logo\/image\/","url":"https:\/\/www.zoehdesenvolvimento.com.br\/site\/wp-content\/uploads\/2015\/10\/footer_logo.png","contentUrl":"https:\/\/www.zoehdesenvolvimento.com.br\/site\/wp-content\/uploads\/2015\/10\/footer_logo.png","width":184,"height":120,"caption":"Zoeh Desenvolvimento de Pessoas"},"image":{"@id":"http:\/\/www.zoehdesenvolvimento.com.br\/site\/#\/schema\/logo\/image\/"}}]}},"jetpack_sharing_enabled":true,"_links":{"self":[{"href":"https:\/\/www.zoehdesenvolvimento.com.br\/site\/wp-json\/wp\/v2\/pages\/43","targetHints":{"allow":["GET"]}}],"collection":[{"href":"https:\/\/www.zoehdesenvolvimento.com.br\/site\/wp-json\/wp\/v2\/pages"}],"about":[{"href":"https:\/\/www.zoehdesenvolvimento.com.br\/site\/wp-json\/wp\/v2\/types\/page"}],"author":[{"embeddable":true,"href":"https:\/\/www.zoehdesenvolvimento.com.br\/site\/wp-json\/wp\/v2\/users\/1"}],"replies":[{"embeddable":true,"href":"https:\/\/www.zoehdesenvolvimento.com.br\/site\/wp-json\/wp\/v2\/comments?post=43"}],"version-history":[{"count":0,"href":"https:\/\/www.zoehdesenvolvimento.com.br\/site\/wp-json\/wp\/v2\/pages\/43\/revisions"}],"up":[{"embeddable":true,"href":"https:\/\/www.zoehdesenvolvimento.com.br\/site\/wp-json\/wp\/v2\/pages\/471"}],"wp:attachment":[{"href":"https:\/\/www.zoehdesenvolvimento.com.br\/site\/wp-json\/wp\/v2\/media?parent=43"}],"curies":[{"name":"wp","href":"https:\/\/api.w.org\/{rel}","templated":true}]}}