{"id":48,"date":"2011-05-11T20:01:47","date_gmt":"2011-05-11T20:01:47","guid":{"rendered":"http:\/\/www.zoehdesenvolvimento.com.br\/site\/"},"modified":"2011-05-11T20:01:47","modified_gmt":"2011-05-11T20:01:47","slug":"estacao-quiron","status":"publish","type":"page","link":"https:\/\/www.zoehdesenvolvimento.com.br\/site\/servicos\/estacao-quiron\/","title":{"rendered":"Esta\u00e7\u00e3o Qu\u00edron \u00ae"},"content":{"rendered":"<p>\u00c9 um espa\u00e7o para desenvolvimento pessoal, atrav\u00e9s da experi\u00eancia em grupo composto por at\u00e9 doze participantes.<\/p>\n<p>Aborda a pessoa de forma sist\u00eamica na sua intra e inter pessoalidade, considerando sua vida pessoal e profissional atuais.<\/p>\n<p>A metodologia \u00e9 vivencial, com a an\u00e1lise e fundamenta\u00e7\u00e3o te\u00f3rica das din\u00e2micas interpessoal e grupal.<br \/>\nTemas do Mapa Vivencial e n\u00famero de sess\u00f5es sob consulta.<\/p>\n<blockquote><p><strong>A marca Esta\u00e7\u00e3o Qu\u00edron\u00ae  est\u00e1 registrada no INPI 826258, classe NCL(8)41<\/strong><\/p><\/blockquote>\n","protected":false},"excerpt":{"rendered":"...","protected":false},"author":1,"featured_media":0,"parent":471,"menu_order":8,"comment_status":"closed","ping_status":"closed","template":"","meta":{"footnotes":""},"class_list":["post-48","page","type-page","status-publish","hentry"],"yoast_head":"<!-- This site is optimized with the Yoast SEO plugin v25.2 - https:\/\/yoast.com\/wordpress\/plugins\/seo\/ -->\n<title>Esta\u00e7\u00e3o Qu\u00edron \u00ae - Zoeh Desenvolvimento de Pessoas<\/title>\n<meta name=\"robots\" content=\"index, follow, max-snippet:-1, max-image-preview:large, max-video-preview:-1\" \/>\n<link rel=\"canonical\" href=\"https:\/\/www.zoehdesenvolvimento.com.br\/site\/servicos\/estacao-quiron\/\" \/>\n<meta property=\"og:locale\" content=\"pt_BR\" \/>\n<meta property=\"og:type\" content=\"article\" \/>\n<meta property=\"og:title\" content=\"Esta\u00e7\u00e3o Qu\u00edron \u00ae - Zoeh Desenvolvimento de Pessoas\" \/>\n<meta property=\"og:description\" content=\"\u00c9 um espa\u00e7o para desenvolvimento pessoal, atrav\u00e9s da experi\u00eancia em grupo composto por at\u00e9 doze participantes. Aborda a pessoa de forma sist\u00eamica na sua intra e inter pessoalidade, considerando sua vida pessoal e profissional atuais. A metodologia \u00e9 vivencial, com a an\u00e1lise e fundamenta\u00e7\u00e3o te\u00f3rica das din\u00e2micas interpessoal e grupal. Temas do Mapa Vivencial e [&hellip;]\" \/>\n<meta property=\"og:url\" content=\"https:\/\/www.zoehdesenvolvimento.com.br\/site\/servicos\/estacao-quiron\/\" \/>\n<meta property=\"og:site_name\" content=\"Zoeh Desenvolvimento de Pessoas\" \/>\n<meta name=\"twitter:card\" content=\"summary_large_image\" \/>\n<script type=\"application\/ld+json\" class=\"yoast-schema-graph\">{\"@context\":\"https:\/\/schema.org\",\"@graph\":[{\"@type\":\"WebPage\",\"@id\":\"https:\/\/www.zoehdesenvolvimento.com.br\/site\/servicos\/estacao-quiron\/\",\"url\":\"https:\/\/www.zoehdesenvolvimento.com.br\/site\/servicos\/estacao-quiron\/\",\"name\":\"Esta\u00e7\u00e3o Qu\u00edron \u00ae - Zoeh Desenvolvimento de Pessoas\",\"isPartOf\":{\"@id\":\"http:\/\/www.zoehdesenvolvimento.com.br\/site\/#website\"},\"datePublished\":\"2011-05-11T20:01:47+00:00\",\"breadcrumb\":{\"@id\":\"https:\/\/www.zoehdesenvolvimento.com.br\/site\/servicos\/estacao-quiron\/#breadcrumb\"},\"inLanguage\":\"pt-BR\",\"potentialAction\":[{\"@type\":\"ReadAction\",\"target\":[\"https:\/\/www.zoehdesenvolvimento.com.br\/site\/servicos\/estacao-quiron\/\"]}]},{\"@type\":\"BreadcrumbList\",\"@id\":\"https:\/\/www.zoehdesenvolvimento.com.br\/site\/servicos\/estacao-quiron\/#breadcrumb\",\"itemListElement\":[{\"@type\":\"ListItem\",\"position\":1,\"name\":\"In\u00edcio\",\"item\":\"http:\/\/www.zoehdesenvolvimento.com.br\/site\/\"},{\"@type\":\"ListItem\",\"position\":2,\"name\":\"Servi\u00e7os\",\"item\":\"http:\/\/www.zoehdesenvolvimento.com.br\/site\/servicos\/\"},{\"@type\":\"ListItem\",\"position\":3,\"name\":\"Esta\u00e7\u00e3o Qu\u00edron \u00ae\"}]},{\"@type\":\"WebSite\",\"@id\":\"http:\/\/www.zoehdesenvolvimento.com.br\/site\/#website\",\"url\":\"http:\/\/www.zoehdesenvolvimento.com.br\/site\/\",\"name\":\"Zoeh Desenvolvimento de Pessoas\",\"description\":\"Desenvolvimento de Pessoas\",\"publisher\":{\"@id\":\"http:\/\/www.zoehdesenvolvimento.com.br\/site\/#organization\"},\"potentialAction\":[{\"@type\":\"SearchAction\",\"target\":{\"@type\":\"EntryPoint\",\"urlTemplate\":\"http:\/\/www.zoehdesenvolvimento.com.br\/site\/?s={search_term_string}\"},\"query-input\":{\"@type\":\"PropertyValueSpecification\",\"valueRequired\":true,\"valueName\":\"search_term_string\"}}],\"inLanguage\":\"pt-BR\"},{\"@type\":\"Organization\",\"@id\":\"http:\/\/www.zoehdesenvolvimento.com.br\/site\/#organization\",\"name\":\"Zoeh Desenvolvimento de Pessoas\",\"url\":\"http:\/\/www.zoehdesenvolvimento.com.br\/site\/\",\"logo\":{\"@type\":\"ImageObject\",\"inLanguage\":\"pt-BR\",\"@id\":\"http:\/\/www.zoehdesenvolvimento.com.br\/site\/#\/schema\/logo\/image\/\",\"url\":\"https:\/\/www.zoehdesenvolvimento.com.br\/site\/wp-content\/uploads\/2015\/10\/footer_logo.png\",\"contentUrl\":\"https:\/\/www.zoehdesenvolvimento.com.br\/site\/wp-content\/uploads\/2015\/10\/footer_logo.png\",\"width\":184,\"height\":120,\"caption\":\"Zoeh Desenvolvimento de Pessoas\"},\"image\":{\"@id\":\"http:\/\/www.zoehdesenvolvimento.com.br\/site\/#\/schema\/logo\/image\/\"}}]}<\/script>\n<!-- \/ Yoast SEO plugin. -->","yoast_head_json":{"title":"Esta\u00e7\u00e3o Qu\u00edron \u00ae - Zoeh Desenvolvimento de Pessoas","robots":{"index":"index","follow":"follow","max-snippet":"max-snippet:-1","max-image-preview":"max-image-preview:large","max-video-preview":"max-video-preview:-1"},"canonical":"https:\/\/www.zoehdesenvolvimento.com.br\/site\/servicos\/estacao-quiron\/","og_locale":"pt_BR","og_type":"article","og_title":"Esta\u00e7\u00e3o Qu\u00edron \u00ae - Zoeh Desenvolvimento de Pessoas","og_description":"\u00c9 um espa\u00e7o para desenvolvimento pessoal, atrav\u00e9s da experi\u00eancia em grupo composto por at\u00e9 doze participantes. Aborda a pessoa de forma sist\u00eamica na sua intra e inter pessoalidade, considerando sua vida pessoal e profissional atuais. A metodologia \u00e9 vivencial, com a an\u00e1lise e fundamenta\u00e7\u00e3o te\u00f3rica das din\u00e2micas interpessoal e grupal. Temas do Mapa Vivencial e [&hellip;]","og_url":"https:\/\/www.zoehdesenvolvimento.com.br\/site\/servicos\/estacao-quiron\/","og_site_name":"Zoeh Desenvolvimento de Pessoas","twitter_card":"summary_large_image","schema":{"@context":"https:\/\/schema.org","@graph":[{"@type":"WebPage","@id":"https:\/\/www.zoehdesenvolvimento.com.br\/site\/servicos\/estacao-quiron\/","url":"https:\/\/www.zoehdesenvolvimento.com.br\/site\/servicos\/estacao-quiron\/","name":"Esta\u00e7\u00e3o Qu\u00edron \u00ae - Zoeh Desenvolvimento de Pessoas","isPartOf":{"@id":"http:\/\/www.zoehdesenvolvimento.com.br\/site\/#website"},"datePublished":"2011-05-11T20:01:47+00:00","breadcrumb":{"@id":"https:\/\/www.zoehdesenvolvimento.com.br\/site\/servicos\/estacao-quiron\/#breadcrumb"},"inLanguage":"pt-BR","potentialAction":[{"@type":"ReadAction","target":["https:\/\/www.zoehdesenvolvimento.com.br\/site\/servicos\/estacao-quiron\/"]}]},{"@type":"BreadcrumbList","@id":"https:\/\/www.zoehdesenvolvimento.com.br\/site\/servicos\/estacao-quiron\/#breadcrumb","itemListElement":[{"@type":"ListItem","position":1,"name":"In\u00edcio","item":"http:\/\/www.zoehdesenvolvimento.com.br\/site\/"},{"@type":"ListItem","position":2,"name":"Servi\u00e7os","item":"http:\/\/www.zoehdesenvolvimento.com.br\/site\/servicos\/"},{"@type":"ListItem","position":3,"name":"Esta\u00e7\u00e3o Qu\u00edron \u00ae"}]},{"@type":"WebSite","@id":"http:\/\/www.zoehdesenvolvimento.com.br\/site\/#website","url":"http:\/\/www.zoehdesenvolvimento.com.br\/site\/","name":"Zoeh Desenvolvimento de Pessoas","description":"Desenvolvimento de Pessoas","publisher":{"@id":"http:\/\/www.zoehdesenvolvimento.com.br\/site\/#organization"},"potentialAction":[{"@type":"SearchAction","target":{"@type":"EntryPoint","urlTemplate":"http:\/\/www.zoehdesenvolvimento.com.br\/site\/?s={search_term_string}"},"query-input":{"@type":"PropertyValueSpecification","valueRequired":true,"valueName":"search_term_string"}}],"inLanguage":"pt-BR"},{"@type":"Organization","@id":"http:\/\/www.zoehdesenvolvimento.com.br\/site\/#organization","name":"Zoeh Desenvolvimento de Pessoas","url":"http:\/\/www.zoehdesenvolvimento.com.br\/site\/","logo":{"@type":"ImageObject","inLanguage":"pt-BR","@id":"http:\/\/www.zoehdesenvolvimento.com.br\/site\/#\/schema\/logo\/image\/","url":"https:\/\/www.zoehdesenvolvimento.com.br\/site\/wp-content\/uploads\/2015\/10\/footer_logo.png","contentUrl":"https:\/\/www.zoehdesenvolvimento.com.br\/site\/wp-content\/uploads\/2015\/10\/footer_logo.png","width":184,"height":120,"caption":"Zoeh Desenvolvimento de Pessoas"},"image":{"@id":"http:\/\/www.zoehdesenvolvimento.com.br\/site\/#\/schema\/logo\/image\/"}}]}},"jetpack_sharing_enabled":true,"_links":{"self":[{"href":"https:\/\/www.zoehdesenvolvimento.com.br\/site\/wp-json\/wp\/v2\/pages\/48","targetHints":{"allow":["GET"]}}],"collection":[{"href":"https:\/\/www.zoehdesenvolvimento.com.br\/site\/wp-json\/wp\/v2\/pages"}],"about":[{"href":"https:\/\/www.zoehdesenvolvimento.com.br\/site\/wp-json\/wp\/v2\/types\/page"}],"author":[{"embeddable":true,"href":"https:\/\/www.zoehdesenvolvimento.com.br\/site\/wp-json\/wp\/v2\/users\/1"}],"replies":[{"embeddable":true,"href":"https:\/\/www.zoehdesenvolvimento.com.br\/site\/wp-json\/wp\/v2\/comments?post=48"}],"version-history":[{"count":0,"href":"https:\/\/www.zoehdesenvolvimento.com.br\/site\/wp-json\/wp\/v2\/pages\/48\/revisions"}],"up":[{"embeddable":true,"href":"https:\/\/www.zoehdesenvolvimento.com.br\/site\/wp-json\/wp\/v2\/pages\/471"}],"wp:attachment":[{"href":"https:\/\/www.zoehdesenvolvimento.com.br\/site\/wp-json\/wp\/v2\/media?parent=48"}],"curies":[{"name":"wp","href":"https:\/\/api.w.org\/{rel}","templated":true}]}}