{"id":71,"date":"2011-06-07T20:11:21","date_gmt":"2011-06-07T20:11:21","guid":{"rendered":"http:\/\/www.zoehdesenvolvimento.com.br\/site\/"},"modified":"2011-06-07T20:11:21","modified_gmt":"2011-06-07T20:11:21","slug":"palestras","status":"publish","type":"page","link":"https:\/\/www.zoehdesenvolvimento.com.br\/site\/servicos\/palestras\/","title":{"rendered":"Palestras"},"content":{"rendered":"<p>Confira abaixo os principais temas procurados por clientes.<\/p>\n<ul>\n<li>Assertividade<\/li>\n<li>Auto-gest\u00e3o e maestria pessoal<\/li>\n<li>Clima organizacional para a criatividade<\/li>\n<li>Como estabelecer parcerias<\/li>\n<li>Comunica\u00e7\u00e3o no ambiente empresarial<\/li>\n<li>Construindo organiza\u00e7\u00f5es de aprendizagem<\/li>\n<li>Criar para inovar<\/li>\n<li>Gest\u00e3o de talentos<\/li>\n<li>Gest\u00e3o produtiva do tempo<\/li>\n<li>Interven\u00e7\u00e3o na din\u00e2mica do grupo<\/li>\n<li>Poder pessoal<\/li>\n<li>Qualidade de vida<\/li>\n<li>Reuni\u00f5es produtivas<\/li>\n<li>Trabalhabilidade<\/li>\n<li>Travessia criativa<\/li>\n<\/ul>\n<p>Modalidades: esses temas podem ser abordados em outras modalidades, com carga hor\u00e1ria que permita atividades vivenciais e fundamenta\u00e7\u00e3o te\u00f3rica.<\/p>\n","protected":false},"excerpt":{"rendered":"...","protected":false},"author":1,"featured_media":0,"parent":471,"menu_order":101,"comment_status":"closed","ping_status":"closed","template":"","meta":{"footnotes":""},"class_list":["post-71","page","type-page","status-publish","hentry"],"yoast_head":"<!-- This site is optimized with the Yoast SEO plugin v25.2 - https:\/\/yoast.com\/wordpress\/plugins\/seo\/ -->\n<title>Palestras - Zoeh Desenvolvimento de Pessoas<\/title>\n<meta name=\"robots\" content=\"index, follow, max-snippet:-1, max-image-preview:large, max-video-preview:-1\" \/>\n<link rel=\"canonical\" href=\"https:\/\/www.zoehdesenvolvimento.com.br\/site\/servicos\/palestras\/\" \/>\n<meta property=\"og:locale\" content=\"pt_BR\" \/>\n<meta property=\"og:type\" content=\"article\" \/>\n<meta property=\"og:title\" content=\"Palestras - Zoeh Desenvolvimento de Pessoas\" \/>\n<meta property=\"og:description\" content=\"Confira abaixo os principais temas procurados por clientes. Assertividade Auto-gest\u00e3o e maestria pessoal Clima organizacional para a criatividade Como estabelecer parcerias Comunica\u00e7\u00e3o no ambiente empresarial Construindo organiza\u00e7\u00f5es de aprendizagem Criar para inovar Gest\u00e3o de talentos Gest\u00e3o produtiva do tempo Interven\u00e7\u00e3o na din\u00e2mica do grupo Poder pessoal Qualidade de vida Reuni\u00f5es produtivas Trabalhabilidade Travessia criativa Modalidades: [&hellip;]\" \/>\n<meta property=\"og:url\" content=\"https:\/\/www.zoehdesenvolvimento.com.br\/site\/servicos\/palestras\/\" \/>\n<meta property=\"og:site_name\" content=\"Zoeh Desenvolvimento de Pessoas\" \/>\n<meta name=\"twitter:card\" content=\"summary_large_image\" \/>\n<script type=\"application\/ld+json\" class=\"yoast-schema-graph\">{\"@context\":\"https:\/\/schema.org\",\"@graph\":[{\"@type\":\"WebPage\",\"@id\":\"https:\/\/www.zoehdesenvolvimento.com.br\/site\/servicos\/palestras\/\",\"url\":\"https:\/\/www.zoehdesenvolvimento.com.br\/site\/servicos\/palestras\/\",\"name\":\"Palestras - Zoeh Desenvolvimento de Pessoas\",\"isPartOf\":{\"@id\":\"http:\/\/www.zoehdesenvolvimento.com.br\/site\/#website\"},\"datePublished\":\"2011-06-07T20:11:21+00:00\",\"breadcrumb\":{\"@id\":\"https:\/\/www.zoehdesenvolvimento.com.br\/site\/servicos\/palestras\/#breadcrumb\"},\"inLanguage\":\"pt-BR\",\"potentialAction\":[{\"@type\":\"ReadAction\",\"target\":[\"https:\/\/www.zoehdesenvolvimento.com.br\/site\/servicos\/palestras\/\"]}]},{\"@type\":\"BreadcrumbList\",\"@id\":\"https:\/\/www.zoehdesenvolvimento.com.br\/site\/servicos\/palestras\/#breadcrumb\",\"itemListElement\":[{\"@type\":\"ListItem\",\"position\":1,\"name\":\"In\u00edcio\",\"item\":\"http:\/\/www.zoehdesenvolvimento.com.br\/site\/\"},{\"@type\":\"ListItem\",\"position\":2,\"name\":\"Servi\u00e7os\",\"item\":\"http:\/\/www.zoehdesenvolvimento.com.br\/site\/servicos\/\"},{\"@type\":\"ListItem\",\"position\":3,\"name\":\"Palestras\"}]},{\"@type\":\"WebSite\",\"@id\":\"http:\/\/www.zoehdesenvolvimento.com.br\/site\/#website\",\"url\":\"http:\/\/www.zoehdesenvolvimento.com.br\/site\/\",\"name\":\"Zoeh Desenvolvimento de Pessoas\",\"description\":\"Desenvolvimento de Pessoas\",\"publisher\":{\"@id\":\"http:\/\/www.zoehdesenvolvimento.com.br\/site\/#organization\"},\"potentialAction\":[{\"@type\":\"SearchAction\",\"target\":{\"@type\":\"EntryPoint\",\"urlTemplate\":\"http:\/\/www.zoehdesenvolvimento.com.br\/site\/?s={search_term_string}\"},\"query-input\":{\"@type\":\"PropertyValueSpecification\",\"valueRequired\":true,\"valueName\":\"search_term_string\"}}],\"inLanguage\":\"pt-BR\"},{\"@type\":\"Organization\",\"@id\":\"http:\/\/www.zoehdesenvolvimento.com.br\/site\/#organization\",\"name\":\"Zoeh Desenvolvimento de Pessoas\",\"url\":\"http:\/\/www.zoehdesenvolvimento.com.br\/site\/\",\"logo\":{\"@type\":\"ImageObject\",\"inLanguage\":\"pt-BR\",\"@id\":\"http:\/\/www.zoehdesenvolvimento.com.br\/site\/#\/schema\/logo\/image\/\",\"url\":\"https:\/\/www.zoehdesenvolvimento.com.br\/site\/wp-content\/uploads\/2015\/10\/footer_logo.png\",\"contentUrl\":\"https:\/\/www.zoehdesenvolvimento.com.br\/site\/wp-content\/uploads\/2015\/10\/footer_logo.png\",\"width\":184,\"height\":120,\"caption\":\"Zoeh Desenvolvimento de Pessoas\"},\"image\":{\"@id\":\"http:\/\/www.zoehdesenvolvimento.com.br\/site\/#\/schema\/logo\/image\/\"}}]}<\/script>\n<!-- \/ Yoast SEO plugin. -->","yoast_head_json":{"title":"Palestras - Zoeh Desenvolvimento de Pessoas","robots":{"index":"index","follow":"follow","max-snippet":"max-snippet:-1","max-image-preview":"max-image-preview:large","max-video-preview":"max-video-preview:-1"},"canonical":"https:\/\/www.zoehdesenvolvimento.com.br\/site\/servicos\/palestras\/","og_locale":"pt_BR","og_type":"article","og_title":"Palestras - Zoeh Desenvolvimento de Pessoas","og_description":"Confira abaixo os principais temas procurados por clientes. Assertividade Auto-gest\u00e3o e maestria pessoal Clima organizacional para a criatividade Como estabelecer parcerias Comunica\u00e7\u00e3o no ambiente empresarial Construindo organiza\u00e7\u00f5es de aprendizagem Criar para inovar Gest\u00e3o de talentos Gest\u00e3o produtiva do tempo Interven\u00e7\u00e3o na din\u00e2mica do grupo Poder pessoal Qualidade de vida Reuni\u00f5es produtivas Trabalhabilidade Travessia criativa Modalidades: [&hellip;]","og_url":"https:\/\/www.zoehdesenvolvimento.com.br\/site\/servicos\/palestras\/","og_site_name":"Zoeh Desenvolvimento de Pessoas","twitter_card":"summary_large_image","schema":{"@context":"https:\/\/schema.org","@graph":[{"@type":"WebPage","@id":"https:\/\/www.zoehdesenvolvimento.com.br\/site\/servicos\/palestras\/","url":"https:\/\/www.zoehdesenvolvimento.com.br\/site\/servicos\/palestras\/","name":"Palestras - Zoeh Desenvolvimento de Pessoas","isPartOf":{"@id":"http:\/\/www.zoehdesenvolvimento.com.br\/site\/#website"},"datePublished":"2011-06-07T20:11:21+00:00","breadcrumb":{"@id":"https:\/\/www.zoehdesenvolvimento.com.br\/site\/servicos\/palestras\/#breadcrumb"},"inLanguage":"pt-BR","potentialAction":[{"@type":"ReadAction","target":["https:\/\/www.zoehdesenvolvimento.com.br\/site\/servicos\/palestras\/"]}]},{"@type":"BreadcrumbList","@id":"https:\/\/www.zoehdesenvolvimento.com.br\/site\/servicos\/palestras\/#breadcrumb","itemListElement":[{"@type":"ListItem","position":1,"name":"In\u00edcio","item":"http:\/\/www.zoehdesenvolvimento.com.br\/site\/"},{"@type":"ListItem","position":2,"name":"Servi\u00e7os","item":"http:\/\/www.zoehdesenvolvimento.com.br\/site\/servicos\/"},{"@type":"ListItem","position":3,"name":"Palestras"}]},{"@type":"WebSite","@id":"http:\/\/www.zoehdesenvolvimento.com.br\/site\/#website","url":"http:\/\/www.zoehdesenvolvimento.com.br\/site\/","name":"Zoeh Desenvolvimento de Pessoas","description":"Desenvolvimento de Pessoas","publisher":{"@id":"http:\/\/www.zoehdesenvolvimento.com.br\/site\/#organization"},"potentialAction":[{"@type":"SearchAction","target":{"@type":"EntryPoint","urlTemplate":"http:\/\/www.zoehdesenvolvimento.com.br\/site\/?s={search_term_string}"},"query-input":{"@type":"PropertyValueSpecification","valueRequired":true,"valueName":"search_term_string"}}],"inLanguage":"pt-BR"},{"@type":"Organization","@id":"http:\/\/www.zoehdesenvolvimento.com.br\/site\/#organization","name":"Zoeh Desenvolvimento de Pessoas","url":"http:\/\/www.zoehdesenvolvimento.com.br\/site\/","logo":{"@type":"ImageObject","inLanguage":"pt-BR","@id":"http:\/\/www.zoehdesenvolvimento.com.br\/site\/#\/schema\/logo\/image\/","url":"https:\/\/www.zoehdesenvolvimento.com.br\/site\/wp-content\/uploads\/2015\/10\/footer_logo.png","contentUrl":"https:\/\/www.zoehdesenvolvimento.com.br\/site\/wp-content\/uploads\/2015\/10\/footer_logo.png","width":184,"height":120,"caption":"Zoeh Desenvolvimento de Pessoas"},"image":{"@id":"http:\/\/www.zoehdesenvolvimento.com.br\/site\/#\/schema\/logo\/image\/"}}]}},"jetpack_sharing_enabled":true,"_links":{"self":[{"href":"https:\/\/www.zoehdesenvolvimento.com.br\/site\/wp-json\/wp\/v2\/pages\/71","targetHints":{"allow":["GET"]}}],"collection":[{"href":"https:\/\/www.zoehdesenvolvimento.com.br\/site\/wp-json\/wp\/v2\/pages"}],"about":[{"href":"https:\/\/www.zoehdesenvolvimento.com.br\/site\/wp-json\/wp\/v2\/types\/page"}],"author":[{"embeddable":true,"href":"https:\/\/www.zoehdesenvolvimento.com.br\/site\/wp-json\/wp\/v2\/users\/1"}],"replies":[{"embeddable":true,"href":"https:\/\/www.zoehdesenvolvimento.com.br\/site\/wp-json\/wp\/v2\/comments?post=71"}],"version-history":[{"count":0,"href":"https:\/\/www.zoehdesenvolvimento.com.br\/site\/wp-json\/wp\/v2\/pages\/71\/revisions"}],"up":[{"embeddable":true,"href":"https:\/\/www.zoehdesenvolvimento.com.br\/site\/wp-json\/wp\/v2\/pages\/471"}],"wp:attachment":[{"href":"https:\/\/www.zoehdesenvolvimento.com.br\/site\/wp-json\/wp\/v2\/media?parent=71"}],"curies":[{"name":"wp","href":"https:\/\/api.w.org\/{rel}","templated":true}]}}